{"id":12026,"date":"2024-06-20T14:57:59","date_gmt":"2024-06-20T12:57:59","guid":{"rendered":"http:\/\/develop.eam-scientific.com\/produkt\/chromabond-bos-kolonlar-15-ml-polipropilen-pp-pe-filtre-elemanlari-ile\/"},"modified":"2024-06-20T14:57:59","modified_gmt":"2024-06-20T12:57:59","slug":"chromabond-bos-kolonlar-15-ml-polipropilen-pp-pe-filtre-elemanlari-ile","status":"publish","type":"product","link":"https:\/\/develop.eam-scientific.com\/tr\/produkt\/chromabond-bos-kolonlar-15-ml-polipropilen-pp-pe-filtre-elemanlari-ile\/","title":{"rendered":"CHROMABOND bo\u015f kolonlar, 15 mL, polipropilen (PP), PE filtre elemanlar\u0131 ile"},"content":{"rendered":"<p>CHROMABOND bo\u015f kolonlar PE filtre elemanlar\u0131 ile polipropilenden (PP) yap\u0131lm\u0131\u015ft\u0131r. Her s\u00fctuna bir filtre eleman\u0131 yerle\u015ftirilir ve bir tanesi kapat\u0131l\u0131r.<\/p>\n","protected":false},"excerpt":{"rendered":"<p>CHROMABOND bo\u015f kolonlar PE filtre elemanlar\u0131 ile polipropilenden (PP) yap\u0131lm\u0131\u015ft\u0131r. Her s\u00fctuna bir filtre eleman\u0131 yerle\u015ftirilir ve bir tanesi kapat\u0131l\u0131r.<\/p>\n","protected":false},"featured_media":8442,"comment_status":"open","ping_status":"closed","template":"","meta":[],"product_cat":[68,67,89],"product_tag":[],"class_list":{"0":"post-12026","1":"product","2":"type-product","3":"status-publish","4":"has-post-thumbnail","6":"product_cat-kati-faz-ekstraksiyonu-spe","7":"product_cat-kromatografi","8":"product_cat-spe-aksesuarlari","10":"first","11":"instock","12":"shipping-taxable","13":"product-type-simple"},"_links":{"self":[{"href":"https:\/\/develop.eam-scientific.com\/tr\/wp-json\/wp\/v2\/product\/12026","targetHints":{"allow":["GET"]}}],"collection":[{"href":"https:\/\/develop.eam-scientific.com\/tr\/wp-json\/wp\/v2\/product"}],"about":[{"href":"https:\/\/develop.eam-scientific.com\/tr\/wp-json\/wp\/v2\/types\/product"}],"replies":[{"embeddable":true,"href":"https:\/\/develop.eam-scientific.com\/tr\/wp-json\/wp\/v2\/comments?post=12026"}],"wp:featuredmedia":[{"embeddable":true,"href":"https:\/\/develop.eam-scientific.com\/tr\/wp-json\/wp\/v2\/media\/8442"}],"wp:attachment":[{"href":"https:\/\/develop.eam-scientific.com\/tr\/wp-json\/wp\/v2\/media?parent=12026"}],"wp:term":[{"taxonomy":"product_cat","embeddable":true,"href":"https:\/\/develop.eam-scientific.com\/tr\/wp-json\/wp\/v2\/product_cat?post=12026"},{"taxonomy":"product_tag","embeddable":true,"href":"https:\/\/develop.eam-scientific.com\/tr\/wp-json\/wp\/v2\/product_tag?post=12026"}],"curies":[{"name":"wp","href":"https:\/\/api.w.org\/{rel}","templated":true}]}}