{"id":12030,"date":"2024-06-20T14:57:59","date_gmt":"2024-06-20T12:57:59","guid":{"rendered":"http:\/\/develop.eam-scientific.com\/produkt\/chromabond-vakum-odasinin-12-konumlu-kapagi-icin-conta-ref-730150n\/"},"modified":"2024-06-20T14:57:59","modified_gmt":"2024-06-20T12:57:59","slug":"chromabond-vakum-odasinin-12-konumlu-kapagi-icin-conta-ref-730150n","status":"publish","type":"product","link":"https:\/\/develop.eam-scientific.com\/tr\/produkt\/chromabond-vakum-odasinin-12-konumlu-kapagi-icin-conta-ref-730150n\/","title":{"rendered":"CHROMABOND vakum odas\u0131n\u0131n 12 konumlu kapa\u011f\u0131 i\u00e7in conta (REF 730150N)"},"content":{"rendered":"<p>CHROMABOND vakum odas\u0131n\u0131n 12 konumlu kapa\u011f\u0131 i\u00e7in conta (REF 730150N)<\/p>\n","protected":false},"excerpt":{"rendered":"<p>CHROMABOND vakum odas\u0131n\u0131n 12 konumlu kapa\u011f\u0131 i\u00e7in conta (REF 730150N)<\/p>\n","protected":false},"featured_media":8440,"comment_status":"open","ping_status":"closed","template":"","meta":[],"product_cat":[68,67,89],"product_tag":[],"class_list":{"0":"post-12030","1":"product","2":"type-product","3":"status-publish","4":"has-post-thumbnail","6":"product_cat-kati-faz-ekstraksiyonu-spe","7":"product_cat-kromatografi","8":"product_cat-spe-aksesuarlari","10":"first","11":"instock","12":"shipping-taxable","13":"product-type-simple"},"_links":{"self":[{"href":"https:\/\/develop.eam-scientific.com\/tr\/wp-json\/wp\/v2\/product\/12030","targetHints":{"allow":["GET"]}}],"collection":[{"href":"https:\/\/develop.eam-scientific.com\/tr\/wp-json\/wp\/v2\/product"}],"about":[{"href":"https:\/\/develop.eam-scientific.com\/tr\/wp-json\/wp\/v2\/types\/product"}],"replies":[{"embeddable":true,"href":"https:\/\/develop.eam-scientific.com\/tr\/wp-json\/wp\/v2\/comments?post=12030"}],"wp:featuredmedia":[{"embeddable":true,"href":"https:\/\/develop.eam-scientific.com\/tr\/wp-json\/wp\/v2\/media\/8440"}],"wp:attachment":[{"href":"https:\/\/develop.eam-scientific.com\/tr\/wp-json\/wp\/v2\/media?parent=12030"}],"wp:term":[{"taxonomy":"product_cat","embeddable":true,"href":"https:\/\/develop.eam-scientific.com\/tr\/wp-json\/wp\/v2\/product_cat?post=12030"},{"taxonomy":"product_tag","embeddable":true,"href":"https:\/\/develop.eam-scientific.com\/tr\/wp-json\/wp\/v2\/product_tag?post=12030"}],"curies":[{"name":"wp","href":"https:\/\/api.w.org\/{rel}","templated":true}]}}