{"id":12046,"date":"2024-06-20T14:57:38","date_gmt":"2024-06-20T12:57:38","guid":{"rendered":"http:\/\/develop.eam-scientific.com\/produkt\/rezervuar-kolonlari-70-ml-1-3-6-ml-chromabond-spe-pp-kolonlari-icin-adaptoerlue\/"},"modified":"2024-06-20T14:57:38","modified_gmt":"2024-06-20T12:57:38","slug":"rezervuar-kolonlari-70-ml-1-3-6-ml-chromabond-spe-pp-kolonlari-icin-adaptoerlue","status":"publish","type":"product","link":"https:\/\/develop.eam-scientific.com\/tr\/produkt\/rezervuar-kolonlari-70-ml-1-3-6-ml-chromabond-spe-pp-kolonlari-icin-adaptoerlue\/","title":{"rendered":"Rezervuar kolonlar\u0131, 70 mL, 1, 3, 6 mL CHROMABOND SPE PP kolonlar\u0131 i\u00e7in adapt\u00f6rl\u00fc"},"content":{"rendered":"<p>Adapt\u00f6rl\u00fc polipropilenden (PP) yap\u0131lm\u0131\u015f CHROMABOND rezervuar kolonlar\u0131.<\/p>\n","protected":false},"excerpt":{"rendered":"<p>Adapt\u00f6rl\u00fc polipropilenden (PP) yap\u0131lm\u0131\u015f CHROMABOND rezervuar kolonlar\u0131.<\/p>\n","protected":false},"featured_media":8422,"comment_status":"open","ping_status":"closed","template":"","meta":[],"product_cat":[68,67,89],"product_tag":[],"class_list":{"0":"post-12046","1":"product","2":"type-product","3":"status-publish","4":"has-post-thumbnail","6":"product_cat-kati-faz-ekstraksiyonu-spe","7":"product_cat-kromatografi","8":"product_cat-spe-aksesuarlari","10":"first","11":"instock","12":"shipping-taxable","13":"product-type-simple"},"_links":{"self":[{"href":"https:\/\/develop.eam-scientific.com\/tr\/wp-json\/wp\/v2\/product\/12046","targetHints":{"allow":["GET"]}}],"collection":[{"href":"https:\/\/develop.eam-scientific.com\/tr\/wp-json\/wp\/v2\/product"}],"about":[{"href":"https:\/\/develop.eam-scientific.com\/tr\/wp-json\/wp\/v2\/types\/product"}],"replies":[{"embeddable":true,"href":"https:\/\/develop.eam-scientific.com\/tr\/wp-json\/wp\/v2\/comments?post=12046"}],"wp:featuredmedia":[{"embeddable":true,"href":"https:\/\/develop.eam-scientific.com\/tr\/wp-json\/wp\/v2\/media\/8422"}],"wp:attachment":[{"href":"https:\/\/develop.eam-scientific.com\/tr\/wp-json\/wp\/v2\/media?parent=12046"}],"wp:term":[{"taxonomy":"product_cat","embeddable":true,"href":"https:\/\/develop.eam-scientific.com\/tr\/wp-json\/wp\/v2\/product_cat?post=12046"},{"taxonomy":"product_tag","embeddable":true,"href":"https:\/\/develop.eam-scientific.com\/tr\/wp-json\/wp\/v2\/product_tag?post=12046"}],"curies":[{"name":"wp","href":"https:\/\/api.w.org\/{rel}","templated":true}]}}