{"id":12048,"date":"2024-06-20T14:57:38","date_gmt":"2024-06-20T12:57:38","guid":{"rendered":"http:\/\/develop.eam-scientific.com\/produkt\/chromabond-spe-cam-kolonlar-icin-cam-elyaf-gf-filtre-elemanlari-3-ml\/"},"modified":"2024-06-20T14:57:38","modified_gmt":"2024-06-20T12:57:38","slug":"chromabond-spe-cam-kolonlar-icin-cam-elyaf-gf-filtre-elemanlari-3-ml","status":"publish","type":"product","link":"https:\/\/develop.eam-scientific.com\/tr\/produkt\/chromabond-spe-cam-kolonlar-icin-cam-elyaf-gf-filtre-elemanlari-3-ml\/","title":{"rendered":"CHROMABOND SPE cam kolonlar i\u00e7in cam elyaf (GF) filtre elemanlar\u0131, 3 mL"},"content":{"rendered":"<p>CHROMABOND SPE bo\u015f cam kolonlar i\u00e7in cam elyaf filtre elemanlar\u0131 (g\u00f6zenek boyutu tescillidir).<\/p>\n","protected":false},"excerpt":{"rendered":"<p>CHROMABOND SPE bo\u015f cam kolonlar i\u00e7in cam elyaf filtre elemanlar\u0131 (g\u00f6zenek boyutu tescillidir).<\/p>\n","protected":false},"featured_media":8426,"comment_status":"open","ping_status":"closed","template":"","meta":[],"product_cat":[68,67,89],"product_tag":[],"class_list":{"0":"post-12048","1":"product","2":"type-product","3":"status-publish","4":"has-post-thumbnail","6":"product_cat-kati-faz-ekstraksiyonu-spe","7":"product_cat-kromatografi","8":"product_cat-spe-aksesuarlari","10":"first","11":"instock","12":"shipping-taxable","13":"product-type-simple"},"_links":{"self":[{"href":"https:\/\/develop.eam-scientific.com\/tr\/wp-json\/wp\/v2\/product\/12048","targetHints":{"allow":["GET"]}}],"collection":[{"href":"https:\/\/develop.eam-scientific.com\/tr\/wp-json\/wp\/v2\/product"}],"about":[{"href":"https:\/\/develop.eam-scientific.com\/tr\/wp-json\/wp\/v2\/types\/product"}],"replies":[{"embeddable":true,"href":"https:\/\/develop.eam-scientific.com\/tr\/wp-json\/wp\/v2\/comments?post=12048"}],"wp:featuredmedia":[{"embeddable":true,"href":"https:\/\/develop.eam-scientific.com\/tr\/wp-json\/wp\/v2\/media\/8426"}],"wp:attachment":[{"href":"https:\/\/develop.eam-scientific.com\/tr\/wp-json\/wp\/v2\/media?parent=12048"}],"wp:term":[{"taxonomy":"product_cat","embeddable":true,"href":"https:\/\/develop.eam-scientific.com\/tr\/wp-json\/wp\/v2\/product_cat?post=12048"},{"taxonomy":"product_tag","embeddable":true,"href":"https:\/\/develop.eam-scientific.com\/tr\/wp-json\/wp\/v2\/product_tag?post=12048"}],"curies":[{"name":"wp","href":"https:\/\/api.w.org\/{rel}","templated":true}]}}