{"id":12053,"date":"2024-06-20T14:57:38","date_gmt":"2024-06-20T12:57:38","guid":{"rendered":"http:\/\/develop.eam-scientific.com\/produkt\/chromabond-basinc-goestergesi-ref-730150n-ve-730151n-icin-aksesuar\/"},"modified":"2024-06-20T14:57:38","modified_gmt":"2024-06-20T12:57:38","slug":"chromabond-basinc-goestergesi-ref-730150n-ve-730151n-icin-aksesuar","status":"publish","type":"product","link":"https:\/\/develop.eam-scientific.com\/tr\/produkt\/chromabond-basinc-goestergesi-ref-730150n-ve-730151n-icin-aksesuar\/","title":{"rendered":"CHROMABOND bas\u0131n\u00e7 g\u00f6stergesi, REF 730150N ve 730151N i\u00e7in aksesuar"},"content":{"rendered":"<p>CHROMABOND bas\u0131n\u00e7 g\u00f6stergesi, REF 730150N ve 730151N i\u00e7in aksesuar<\/p>\n","protected":false},"excerpt":{"rendered":"<p>CHROMABOND bas\u0131n\u00e7 g\u00f6stergesi, REF 730150N ve 730151N i\u00e7in aksesuar<\/p>\n","protected":false},"featured_media":8414,"comment_status":"open","ping_status":"closed","template":"","meta":[],"product_cat":[68,67,89],"product_tag":[],"class_list":{"0":"post-12053","1":"product","2":"type-product","3":"status-publish","4":"has-post-thumbnail","6":"product_cat-kati-faz-ekstraksiyonu-spe","7":"product_cat-kromatografi","8":"product_cat-spe-aksesuarlari","10":"first","11":"instock","12":"shipping-taxable","13":"product-type-simple"},"_links":{"self":[{"href":"https:\/\/develop.eam-scientific.com\/tr\/wp-json\/wp\/v2\/product\/12053","targetHints":{"allow":["GET"]}}],"collection":[{"href":"https:\/\/develop.eam-scientific.com\/tr\/wp-json\/wp\/v2\/product"}],"about":[{"href":"https:\/\/develop.eam-scientific.com\/tr\/wp-json\/wp\/v2\/types\/product"}],"replies":[{"embeddable":true,"href":"https:\/\/develop.eam-scientific.com\/tr\/wp-json\/wp\/v2\/comments?post=12053"}],"wp:featuredmedia":[{"embeddable":true,"href":"https:\/\/develop.eam-scientific.com\/tr\/wp-json\/wp\/v2\/media\/8414"}],"wp:attachment":[{"href":"https:\/\/develop.eam-scientific.com\/tr\/wp-json\/wp\/v2\/media?parent=12053"}],"wp:term":[{"taxonomy":"product_cat","embeddable":true,"href":"https:\/\/develop.eam-scientific.com\/tr\/wp-json\/wp\/v2\/product_cat?post=12053"},{"taxonomy":"product_tag","embeddable":true,"href":"https:\/\/develop.eam-scientific.com\/tr\/wp-json\/wp\/v2\/product_tag?post=12053"}],"curies":[{"name":"wp","href":"https:\/\/api.w.org\/{rel}","templated":true}]}}