{"id":12055,"date":"2024-06-20T14:57:38","date_gmt":"2024-06-20T12:57:38","guid":{"rendered":"http:\/\/develop.eam-scientific.com\/produkt\/chromabond-spe-vakum-odasi-24-pozisyon-icin-komple\/"},"modified":"2024-06-20T14:57:38","modified_gmt":"2024-06-20T12:57:38","slug":"chromabond-spe-vakum-odasi-24-pozisyon-icin-komple","status":"publish","type":"product","link":"https:\/\/develop.eam-scientific.com\/tr\/produkt\/chromabond-spe-vakum-odasi-24-pozisyon-icin-komple\/","title":{"rendered":"CHROMABOND SPE vakum odas\u0131, 24 pozisyon i\u00e7in, komple"},"content":{"rendered":"<p>CHROMABOND SPE vakum odas\u0131 24 pozisyon i\u00e7in, komple. \u015eunlardan olu\u015fur: Kapakl\u0131 cam tekne (komple, 4x ayak, Luer ba\u011flant\u0131lar\u0131\/kapak grometleri, kapak contas\u0131 dahil), de\u011fi\u015ftirilebilir i\u011fneler (PP), bas\u0131n\u00e7 g\u00f6stergesi dahil. Kontrol vanas\u0131, Luer vanalar (stopcocks), kapaklar, de\u011fi\u015fken raf ve toplama kab\u0131 (PP tank).<\/p>\n","protected":false},"excerpt":{"rendered":"<p>CHROMABOND SPE vakum odas\u0131 24 pozisyon i\u00e7in, komple. \u015eunlardan olu\u015fur: Kapakl\u0131 cam tekne (komple, 4x ayak, Luer ba\u011flant\u0131lar\u0131\/kapak grometleri, kapak contas\u0131 dahil), de\u011fi\u015ftirilebilir i\u011fneler (PP), bas\u0131n\u00e7 g\u00f6stergesi dahil. Kontrol vanas\u0131, Luer vanalar (stopcocks), kapaklar, de\u011fi\u015fken raf ve toplama kab\u0131 (PP tank).<\/p>\n","protected":false},"featured_media":8418,"comment_status":"open","ping_status":"closed","template":"","meta":[],"product_cat":[68,67,89],"product_tag":[],"class_list":{"0":"post-12055","1":"product","2":"type-product","3":"status-publish","4":"has-post-thumbnail","6":"product_cat-kati-faz-ekstraksiyonu-spe","7":"product_cat-kromatografi","8":"product_cat-spe-aksesuarlari","10":"first","11":"instock","12":"shipping-taxable","13":"product-type-simple"},"_links":{"self":[{"href":"https:\/\/develop.eam-scientific.com\/tr\/wp-json\/wp\/v2\/product\/12055","targetHints":{"allow":["GET"]}}],"collection":[{"href":"https:\/\/develop.eam-scientific.com\/tr\/wp-json\/wp\/v2\/product"}],"about":[{"href":"https:\/\/develop.eam-scientific.com\/tr\/wp-json\/wp\/v2\/types\/product"}],"replies":[{"embeddable":true,"href":"https:\/\/develop.eam-scientific.com\/tr\/wp-json\/wp\/v2\/comments?post=12055"}],"wp:featuredmedia":[{"embeddable":true,"href":"https:\/\/develop.eam-scientific.com\/tr\/wp-json\/wp\/v2\/media\/8418"}],"wp:attachment":[{"href":"https:\/\/develop.eam-scientific.com\/tr\/wp-json\/wp\/v2\/media?parent=12055"}],"wp:term":[{"taxonomy":"product_cat","embeddable":true,"href":"https:\/\/develop.eam-scientific.com\/tr\/wp-json\/wp\/v2\/product_cat?post=12055"},{"taxonomy":"product_tag","embeddable":true,"href":"https:\/\/develop.eam-scientific.com\/tr\/wp-json\/wp\/v2\/product_tag?post=12055"}],"curies":[{"name":"wp","href":"https:\/\/api.w.org\/{rel}","templated":true}]}}