{"id":12059,"date":"2024-06-20T14:57:38","date_gmt":"2024-06-20T12:57:38","guid":{"rendered":"http:\/\/develop.eam-scientific.com\/produkt\/spe-vakum-odasi-icin-chromabond-pp-tank-ref-730150n-12-pozisyon\/"},"modified":"2024-06-20T14:57:38","modified_gmt":"2024-06-20T12:57:38","slug":"spe-vakum-odasi-icin-chromabond-pp-tank-ref-730150n-12-pozisyon","status":"publish","type":"product","link":"https:\/\/develop.eam-scientific.com\/tr\/produkt\/spe-vakum-odasi-icin-chromabond-pp-tank-ref-730150n-12-pozisyon\/","title":{"rendered":"SPE vakum odas\u0131 i\u00e7in CHROMABOND PP tank REF 730150N (12 pozisyon)"},"content":{"rendered":"<p>SPE vakum odas\u0131 REF 730150N i\u00e7in CHROMABOND PP tank (12 pozisyon).<\/p>\n","protected":false},"excerpt":{"rendered":"<p>SPE vakum odas\u0131 REF 730150N i\u00e7in CHROMABOND PP tank (12 pozisyon).<\/p>\n","protected":false},"featured_media":8416,"comment_status":"open","ping_status":"closed","template":"","meta":[],"product_cat":[68,67,89],"product_tag":[],"class_list":{"0":"post-12059","1":"product","2":"type-product","3":"status-publish","4":"has-post-thumbnail","6":"product_cat-kati-faz-ekstraksiyonu-spe","7":"product_cat-kromatografi","8":"product_cat-spe-aksesuarlari","10":"first","11":"instock","12":"shipping-taxable","13":"product-type-simple"},"_links":{"self":[{"href":"https:\/\/develop.eam-scientific.com\/tr\/wp-json\/wp\/v2\/product\/12059","targetHints":{"allow":["GET"]}}],"collection":[{"href":"https:\/\/develop.eam-scientific.com\/tr\/wp-json\/wp\/v2\/product"}],"about":[{"href":"https:\/\/develop.eam-scientific.com\/tr\/wp-json\/wp\/v2\/types\/product"}],"replies":[{"embeddable":true,"href":"https:\/\/develop.eam-scientific.com\/tr\/wp-json\/wp\/v2\/comments?post=12059"}],"wp:featuredmedia":[{"embeddable":true,"href":"https:\/\/develop.eam-scientific.com\/tr\/wp-json\/wp\/v2\/media\/8416"}],"wp:attachment":[{"href":"https:\/\/develop.eam-scientific.com\/tr\/wp-json\/wp\/v2\/media?parent=12059"}],"wp:term":[{"taxonomy":"product_cat","embeddable":true,"href":"https:\/\/develop.eam-scientific.com\/tr\/wp-json\/wp\/v2\/product_cat?post=12059"},{"taxonomy":"product_tag","embeddable":true,"href":"https:\/\/develop.eam-scientific.com\/tr\/wp-json\/wp\/v2\/product_tag?post=12059"}],"curies":[{"name":"wp","href":"https:\/\/api.w.org\/{rel}","templated":true}]}}