{"id":12063,"date":"2024-06-20T14:57:18","date_gmt":"2024-06-20T12:57:18","guid":{"rendered":"http:\/\/develop.eam-scientific.com\/produkt\/spe-vakum-odalari-icin-chromabond-pp-konektoerler\/"},"modified":"2024-06-28T10:11:40","modified_gmt":"2024-06-28T08:11:40","slug":"spe-vakum-odalari-icin-chromabond-pp-konektoerler","status":"publish","type":"product","link":"https:\/\/develop.eam-scientific.com\/tr\/produkt\/spe-vakum-odalari-icin-chromabond-pp-konektoerler\/","title":{"rendered":"SPE vakum odalar\u0131 i\u00e7in CHROMABOND PP konekt\u00f6rler"},"content":{"rendered":"<p>SPE vakum odas\u0131 i\u00e7in CHROMABOND PP konekt\u00f6rler<\/p>\n","protected":false},"excerpt":{"rendered":"<p>SPE vakum odas\u0131 i\u00e7in CHROMABOND PP konekt\u00f6rler<\/p>\n","protected":false},"featured_media":8404,"comment_status":"open","ping_status":"closed","template":"","meta":[],"product_cat":[68,67,89],"product_tag":[],"class_list":{"0":"post-12063","1":"product","2":"type-product","3":"status-publish","4":"has-post-thumbnail","6":"product_cat-kati-faz-ekstraksiyonu-spe","7":"product_cat-kromatografi","8":"product_cat-spe-aksesuarlari","10":"first","11":"instock","12":"shipping-taxable","13":"product-type-simple"},"_links":{"self":[{"href":"https:\/\/develop.eam-scientific.com\/tr\/wp-json\/wp\/v2\/product\/12063","targetHints":{"allow":["GET"]}}],"collection":[{"href":"https:\/\/develop.eam-scientific.com\/tr\/wp-json\/wp\/v2\/product"}],"about":[{"href":"https:\/\/develop.eam-scientific.com\/tr\/wp-json\/wp\/v2\/types\/product"}],"replies":[{"embeddable":true,"href":"https:\/\/develop.eam-scientific.com\/tr\/wp-json\/wp\/v2\/comments?post=12063"}],"wp:featuredmedia":[{"embeddable":true,"href":"https:\/\/develop.eam-scientific.com\/tr\/wp-json\/wp\/v2\/media\/8404"}],"wp:attachment":[{"href":"https:\/\/develop.eam-scientific.com\/tr\/wp-json\/wp\/v2\/media?parent=12063"}],"wp:term":[{"taxonomy":"product_cat","embeddable":true,"href":"https:\/\/develop.eam-scientific.com\/tr\/wp-json\/wp\/v2\/product_cat?post=12063"},{"taxonomy":"product_tag","embeddable":true,"href":"https:\/\/develop.eam-scientific.com\/tr\/wp-json\/wp\/v2\/product_tag?post=12063"}],"curies":[{"name":"wp","href":"https:\/\/api.w.org\/{rel}","templated":true}]}}