{"id":12068,"date":"2024-06-20T14:57:18","date_gmt":"2024-06-20T12:57:18","guid":{"rendered":"http:\/\/develop.eam-scientific.com\/produkt\/chromabond-spe-polipropilen-kolonlar-pp-icin-polietilen-filtre-elemanlari-1-ml\/"},"modified":"2024-06-20T14:57:18","modified_gmt":"2024-06-20T12:57:18","slug":"chromabond-spe-polipropilen-kolonlar-pp-icin-polietilen-filtre-elemanlari-1-ml","status":"publish","type":"product","link":"https:\/\/develop.eam-scientific.com\/tr\/produkt\/chromabond-spe-polipropilen-kolonlar-pp-icin-polietilen-filtre-elemanlari-1-ml\/","title":{"rendered":"CHROMABOND SPE polipropilen kolonlar (PP) i\u00e7in polietilen filtre elemanlar\u0131, 1 mL"},"content":{"rendered":"<p>CHROMABOND SPE polipropilen (PP) bo\u015f kolonlar i\u00e7in polietilen (PE) filtre elemanlar\u0131.<\/p>\n","protected":false},"excerpt":{"rendered":"<p>CHROMABOND SPE polipropilen (PP) bo\u015f kolonlar i\u00e7in polietilen (PE) filtre elemanlar\u0131.<\/p>\n","protected":false},"featured_media":8406,"comment_status":"open","ping_status":"closed","template":"","meta":[],"product_cat":[68,67,89],"product_tag":[],"class_list":{"0":"post-12068","1":"product","2":"type-product","3":"status-publish","4":"has-post-thumbnail","6":"product_cat-kati-faz-ekstraksiyonu-spe","7":"product_cat-kromatografi","8":"product_cat-spe-aksesuarlari","10":"first","11":"instock","12":"shipping-taxable","13":"product-type-simple"},"_links":{"self":[{"href":"https:\/\/develop.eam-scientific.com\/tr\/wp-json\/wp\/v2\/product\/12068","targetHints":{"allow":["GET"]}}],"collection":[{"href":"https:\/\/develop.eam-scientific.com\/tr\/wp-json\/wp\/v2\/product"}],"about":[{"href":"https:\/\/develop.eam-scientific.com\/tr\/wp-json\/wp\/v2\/types\/product"}],"replies":[{"embeddable":true,"href":"https:\/\/develop.eam-scientific.com\/tr\/wp-json\/wp\/v2\/comments?post=12068"}],"wp:featuredmedia":[{"embeddable":true,"href":"https:\/\/develop.eam-scientific.com\/tr\/wp-json\/wp\/v2\/media\/8406"}],"wp:attachment":[{"href":"https:\/\/develop.eam-scientific.com\/tr\/wp-json\/wp\/v2\/media?parent=12068"}],"wp:term":[{"taxonomy":"product_cat","embeddable":true,"href":"https:\/\/develop.eam-scientific.com\/tr\/wp-json\/wp\/v2\/product_cat?post=12068"},{"taxonomy":"product_tag","embeddable":true,"href":"https:\/\/develop.eam-scientific.com\/tr\/wp-json\/wp\/v2\/product_tag?post=12068"}],"curies":[{"name":"wp","href":"https:\/\/api.w.org\/{rel}","templated":true}]}}