{"id":12072,"date":"2024-06-20T14:56:52","date_gmt":"2024-06-20T12:56:52","guid":{"rendered":"http:\/\/develop.eam-scientific.com\/produkt\/chromabond-lv-spe-bos-kolonlar-icin-pe-filtre-elemanlari-15-ml-yaklasik-100-mg\/"},"modified":"2024-06-20T14:56:52","modified_gmt":"2024-06-20T12:56:52","slug":"chromabond-lv-spe-bos-kolonlar-icin-pe-filtre-elemanlari-15-ml-yaklasik-100-mg","status":"publish","type":"product","link":"https:\/\/develop.eam-scientific.com\/tr\/produkt\/chromabond-lv-spe-bos-kolonlar-icin-pe-filtre-elemanlari-15-ml-yaklasik-100-mg\/","title":{"rendered":"CHROMABOND LV SPE bo\u015f kolonlar i\u00e7in PE filtre elemanlar\u0131, 15 mL, yakla\u015f\u0131k 100 mg"},"content":{"rendered":"<p>CHROMABOND SPE polipropilen (PP) bo\u015f kolonlar i\u00e7in polietilen (PE) filtre elemanlar\u0131.<\/p>\n","protected":false},"excerpt":{"rendered":"<p>CHROMABOND SPE polipropilen (PP) bo\u015f kolonlar i\u00e7in polietilen (PE) filtre elemanlar\u0131.<\/p>\n","protected":false},"featured_media":8394,"comment_status":"open","ping_status":"closed","template":"","meta":[],"product_cat":[68,67,89],"product_tag":[],"class_list":{"0":"post-12072","1":"product","2":"type-product","3":"status-publish","4":"has-post-thumbnail","6":"product_cat-kati-faz-ekstraksiyonu-spe","7":"product_cat-kromatografi","8":"product_cat-spe-aksesuarlari","10":"first","11":"instock","12":"shipping-taxable","13":"product-type-simple"},"_links":{"self":[{"href":"https:\/\/develop.eam-scientific.com\/tr\/wp-json\/wp\/v2\/product\/12072","targetHints":{"allow":["GET"]}}],"collection":[{"href":"https:\/\/develop.eam-scientific.com\/tr\/wp-json\/wp\/v2\/product"}],"about":[{"href":"https:\/\/develop.eam-scientific.com\/tr\/wp-json\/wp\/v2\/types\/product"}],"replies":[{"embeddable":true,"href":"https:\/\/develop.eam-scientific.com\/tr\/wp-json\/wp\/v2\/comments?post=12072"}],"wp:featuredmedia":[{"embeddable":true,"href":"https:\/\/develop.eam-scientific.com\/tr\/wp-json\/wp\/v2\/media\/8394"}],"wp:attachment":[{"href":"https:\/\/develop.eam-scientific.com\/tr\/wp-json\/wp\/v2\/media?parent=12072"}],"wp:term":[{"taxonomy":"product_cat","embeddable":true,"href":"https:\/\/develop.eam-scientific.com\/tr\/wp-json\/wp\/v2\/product_cat?post=12072"},{"taxonomy":"product_tag","embeddable":true,"href":"https:\/\/develop.eam-scientific.com\/tr\/wp-json\/wp\/v2\/product_tag?post=12072"}],"curies":[{"name":"wp","href":"https:\/\/api.w.org\/{rel}","templated":true}]}}