{"id":12093,"date":"2024-06-20T14:56:32","date_gmt":"2024-06-20T12:56:32","guid":{"rendered":"http:\/\/develop.eam-scientific.com\/produkt\/30-70-ml-chromabond-spe-polipropilen-kolonlar-pp-icin-adaptoer\/"},"modified":"2024-06-20T14:56:32","modified_gmt":"2024-06-20T12:56:32","slug":"30-70-ml-chromabond-spe-polipropilen-kolonlar-pp-icin-adaptoer","status":"publish","type":"product","link":"https:\/\/develop.eam-scientific.com\/tr\/produkt\/30-70-ml-chromabond-spe-polipropilen-kolonlar-pp-icin-adaptoer\/","title":{"rendered":"30, 70 mL CHROMABOND SPE polipropilen kolonlar (PP) i\u00e7in adapt\u00f6r"},"content":{"rendered":"<p>Kat\u0131 faz ekstraksiyonu i\u00e7in aksesuarlar. 30, 70 mL CHROMABOND SPE polipropilen (PP) kolonlar i\u00e7in adapt\u00f6r.<\/p>\n","protected":false},"excerpt":{"rendered":"<p>Kat\u0131 faz ekstraksiyonu i\u00e7in aksesuarlar. 30, 70 mL CHROMABOND SPE polipropilen (PP) kolonlar i\u00e7in adapt\u00f6r.<\/p>\n","protected":false},"featured_media":8374,"comment_status":"open","ping_status":"closed","template":"","meta":[],"product_cat":[68,67,89],"product_tag":[],"class_list":{"0":"post-12093","1":"product","2":"type-product","3":"status-publish","4":"has-post-thumbnail","6":"product_cat-kati-faz-ekstraksiyonu-spe","7":"product_cat-kromatografi","8":"product_cat-spe-aksesuarlari","10":"first","11":"instock","12":"shipping-taxable","13":"product-type-simple"},"_links":{"self":[{"href":"https:\/\/develop.eam-scientific.com\/tr\/wp-json\/wp\/v2\/product\/12093","targetHints":{"allow":["GET"]}}],"collection":[{"href":"https:\/\/develop.eam-scientific.com\/tr\/wp-json\/wp\/v2\/product"}],"about":[{"href":"https:\/\/develop.eam-scientific.com\/tr\/wp-json\/wp\/v2\/types\/product"}],"replies":[{"embeddable":true,"href":"https:\/\/develop.eam-scientific.com\/tr\/wp-json\/wp\/v2\/comments?post=12093"}],"wp:featuredmedia":[{"embeddable":true,"href":"https:\/\/develop.eam-scientific.com\/tr\/wp-json\/wp\/v2\/media\/8374"}],"wp:attachment":[{"href":"https:\/\/develop.eam-scientific.com\/tr\/wp-json\/wp\/v2\/media?parent=12093"}],"wp:term":[{"taxonomy":"product_cat","embeddable":true,"href":"https:\/\/develop.eam-scientific.com\/tr\/wp-json\/wp\/v2\/product_cat?post=12093"},{"taxonomy":"product_tag","embeddable":true,"href":"https:\/\/develop.eam-scientific.com\/tr\/wp-json\/wp\/v2\/product_tag?post=12093"}],"curies":[{"name":"wp","href":"https:\/\/api.w.org\/{rel}","templated":true}]}}