{"id":12098,"date":"2024-06-20T14:56:52","date_gmt":"2024-06-20T12:56:52","guid":{"rendered":"http:\/\/develop.eam-scientific.com\/produkt\/rezervuar-kolonlari-70-ml-15-45-70-ml-chromabond-spe-pp-kolonlari-icin-adaptoerlue\/"},"modified":"2024-06-20T14:56:52","modified_gmt":"2024-06-20T12:56:52","slug":"rezervuar-kolonlari-70-ml-15-45-70-ml-chromabond-spe-pp-kolonlari-icin-adaptoerlue","status":"publish","type":"product","link":"https:\/\/develop.eam-scientific.com\/tr\/produkt\/rezervuar-kolonlari-70-ml-15-45-70-ml-chromabond-spe-pp-kolonlari-icin-adaptoerlue\/","title":{"rendered":"Rezervuar kolonlar\u0131, 70 mL, 15, 45, 70 mL CHROMABOND SPE PP kolonlar\u0131 i\u00e7in adapt\u00f6rl\u00fc"},"content":{"rendered":"<p>Adapt\u00f6rl\u00fc polipropilenden (PP) yap\u0131lm\u0131\u015f CHROMABOND rezervuar kolonlar\u0131.<\/p>\n","protected":false},"excerpt":{"rendered":"<p>Adapt\u00f6rl\u00fc polipropilenden (PP) yap\u0131lm\u0131\u015f CHROMABOND rezervuar kolonlar\u0131.<\/p>\n","protected":false},"featured_media":8376,"comment_status":"open","ping_status":"closed","template":"","meta":[],"product_cat":[68,67,89],"product_tag":[],"class_list":{"0":"post-12098","1":"product","2":"type-product","3":"status-publish","4":"has-post-thumbnail","6":"product_cat-kati-faz-ekstraksiyonu-spe","7":"product_cat-kromatografi","8":"product_cat-spe-aksesuarlari","10":"first","11":"instock","12":"shipping-taxable","13":"product-type-simple"},"_links":{"self":[{"href":"https:\/\/develop.eam-scientific.com\/tr\/wp-json\/wp\/v2\/product\/12098","targetHints":{"allow":["GET"]}}],"collection":[{"href":"https:\/\/develop.eam-scientific.com\/tr\/wp-json\/wp\/v2\/product"}],"about":[{"href":"https:\/\/develop.eam-scientific.com\/tr\/wp-json\/wp\/v2\/types\/product"}],"replies":[{"embeddable":true,"href":"https:\/\/develop.eam-scientific.com\/tr\/wp-json\/wp\/v2\/comments?post=12098"}],"wp:featuredmedia":[{"embeddable":true,"href":"https:\/\/develop.eam-scientific.com\/tr\/wp-json\/wp\/v2\/media\/8376"}],"wp:attachment":[{"href":"https:\/\/develop.eam-scientific.com\/tr\/wp-json\/wp\/v2\/media?parent=12098"}],"wp:term":[{"taxonomy":"product_cat","embeddable":true,"href":"https:\/\/develop.eam-scientific.com\/tr\/wp-json\/wp\/v2\/product_cat?post=12098"},{"taxonomy":"product_tag","embeddable":true,"href":"https:\/\/develop.eam-scientific.com\/tr\/wp-json\/wp\/v2\/product_tag?post=12098"}],"curies":[{"name":"wp","href":"https:\/\/api.w.org\/{rel}","templated":true}]}}