{"id":12111,"date":"2024-06-20T14:56:11","date_gmt":"2024-06-20T12:56:11","guid":{"rendered":"http:\/\/develop.eam-scientific.com\/produkt\/spe-sorbens-doekme-chromabond-diamino\/"},"modified":"2024-06-28T10:11:42","modified_gmt":"2024-06-28T08:11:42","slug":"spe-sorbens-doekme-chromabond-diamino","status":"publish","type":"product","link":"https:\/\/develop.eam-scientific.com\/tr\/produkt\/spe-sorbens-doekme-chromabond-diamino\/","title":{"rendered":"SPE Sorbens (d\u00f6kme), CHROMABOND Diamino"},"content":{"rendered":"<p>Ambalaj malzemesi, SPE uygulamalar\u0131 i\u00e7in sorbent. Meyve veya sebze gibi matrislerden polar bile\u015fikleri (\u00f6rn. organik asitler, pigmentler, \u015feker) uzakla\u015ft\u0131r\u0131r (QuEChERS i\u00e7in). Benzer fazlar &#8211; Supelclean PSA, Bond Elut PSA<\/p>\n","protected":false},"excerpt":{"rendered":"<p>Ambalaj malzemesi, SPE uygulamalar\u0131 i\u00e7in sorbent. Meyve veya sebze gibi matrislerden polar bile\u015fikleri (\u00f6rn. organik asitler, pigmentler, \u015feker) uzakla\u015ft\u0131r\u0131r (QuEChERS i\u00e7in). Benzer fazlar &#8211; Supelclean PSA, Bond Elut PSA<\/p>\n","protected":false},"featured_media":15533,"comment_status":"open","ping_status":"closed","template":"","meta":[],"product_cat":[68,67,76],"product_tag":[],"class_list":{"0":"post-12111","1":"product","2":"type-product","3":"status-publish","4":"has-post-thumbnail","6":"product_cat-kati-faz-ekstraksiyonu-spe","7":"product_cat-kromatografi","8":"product_cat-spe-sorbentleri","10":"first","11":"instock","12":"shipping-taxable","13":"product-type-simple"},"_links":{"self":[{"href":"https:\/\/develop.eam-scientific.com\/tr\/wp-json\/wp\/v2\/product\/12111","targetHints":{"allow":["GET"]}}],"collection":[{"href":"https:\/\/develop.eam-scientific.com\/tr\/wp-json\/wp\/v2\/product"}],"about":[{"href":"https:\/\/develop.eam-scientific.com\/tr\/wp-json\/wp\/v2\/types\/product"}],"replies":[{"embeddable":true,"href":"https:\/\/develop.eam-scientific.com\/tr\/wp-json\/wp\/v2\/comments?post=12111"}],"wp:featuredmedia":[{"embeddable":true,"href":"https:\/\/develop.eam-scientific.com\/tr\/wp-json\/wp\/v2\/media\/15533"}],"wp:attachment":[{"href":"https:\/\/develop.eam-scientific.com\/tr\/wp-json\/wp\/v2\/media?parent=12111"}],"wp:term":[{"taxonomy":"product_cat","embeddable":true,"href":"https:\/\/develop.eam-scientific.com\/tr\/wp-json\/wp\/v2\/product_cat?post=12111"},{"taxonomy":"product_tag","embeddable":true,"href":"https:\/\/develop.eam-scientific.com\/tr\/wp-json\/wp\/v2\/product_tag?post=12111"}],"curies":[{"name":"wp","href":"https:\/\/api.w.org\/{rel}","templated":true}]}}