{"id":12112,"date":"2024-06-20T14:56:11","date_gmt":"2024-06-20T12:56:11","guid":{"rendered":"http:\/\/develop.eam-scientific.com\/produkt\/spe-sorbens-doekme-chromabond-c18-ec-f\/"},"modified":"2024-06-28T10:11:30","modified_gmt":"2024-06-28T08:11:30","slug":"spe-sorbens-doekme-chromabond-c18-ec-f","status":"publish","type":"product","link":"https:\/\/develop.eam-scientific.com\/tr\/produkt\/spe-sorbens-doekme-chromabond-c18-ec-f\/","title":{"rendered":"SPE Sorbens (d\u00f6kme), CHROMABOND C18 ec f"},"content":{"rendered":"<p>Ambalaj malzemesi, SPE uygulamalar\u0131 i\u00e7in sorbent. \u00c7e\u015fitli organik bile\u015fiklerle \u00e7ok polar olmayan, hidrofobik etkile\u015fimler. Daha h\u0131zl\u0131 ak\u0131\u015f i\u00e7in daha b\u00fcy\u00fck partik\u00fcller.  <\/p>\n","protected":false},"excerpt":{"rendered":"<p>Ambalaj malzemesi, SPE uygulamalar\u0131 i\u00e7in sorbent. \u00c7e\u015fitli organik bile\u015fiklerle \u00e7ok polar olmayan, hidrofobik etkile\u015fimler. Daha h\u0131zl\u0131 ak\u0131\u015f i\u00e7in daha b\u00fcy\u00fck partik\u00fcller.<\/p>\n","protected":false},"featured_media":8354,"comment_status":"open","ping_status":"closed","template":"","meta":[],"product_cat":[68,67,76],"product_tag":[],"class_list":{"0":"post-12112","1":"product","2":"type-product","3":"status-publish","4":"has-post-thumbnail","6":"product_cat-kati-faz-ekstraksiyonu-spe","7":"product_cat-kromatografi","8":"product_cat-spe-sorbentleri","10":"first","11":"instock","12":"shipping-taxable","13":"product-type-simple"},"_links":{"self":[{"href":"https:\/\/develop.eam-scientific.com\/tr\/wp-json\/wp\/v2\/product\/12112","targetHints":{"allow":["GET"]}}],"collection":[{"href":"https:\/\/develop.eam-scientific.com\/tr\/wp-json\/wp\/v2\/product"}],"about":[{"href":"https:\/\/develop.eam-scientific.com\/tr\/wp-json\/wp\/v2\/types\/product"}],"replies":[{"embeddable":true,"href":"https:\/\/develop.eam-scientific.com\/tr\/wp-json\/wp\/v2\/comments?post=12112"}],"wp:featuredmedia":[{"embeddable":true,"href":"https:\/\/develop.eam-scientific.com\/tr\/wp-json\/wp\/v2\/media\/8354"}],"wp:attachment":[{"href":"https:\/\/develop.eam-scientific.com\/tr\/wp-json\/wp\/v2\/media?parent=12112"}],"wp:term":[{"taxonomy":"product_cat","embeddable":true,"href":"https:\/\/develop.eam-scientific.com\/tr\/wp-json\/wp\/v2\/product_cat?post=12112"},{"taxonomy":"product_tag","embeddable":true,"href":"https:\/\/develop.eam-scientific.com\/tr\/wp-json\/wp\/v2\/product_tag?post=12112"}],"curies":[{"name":"wp","href":"https:\/\/api.w.org\/{rel}","templated":true}]}}