{"id":12128,"date":"2024-06-20T14:55:49","date_gmt":"2024-06-20T12:55:49","guid":{"rendered":"http:\/\/develop.eam-scientific.com\/produkt\/spe-sorbens-doekme-chromabond-psa\/"},"modified":"2024-06-28T10:11:15","modified_gmt":"2024-06-28T08:11:15","slug":"spe-sorbens-doekme-chromabond-psa","status":"publish","type":"product","link":"https:\/\/develop.eam-scientific.com\/tr\/produkt\/spe-sorbens-doekme-chromabond-psa\/","title":{"rendered":"SPE Sorbens (D\u00f6kme), CHROMABOND PSA"},"content":{"rendered":"<p>Ambalaj malzemesi, SPE uygulamalar\u0131 i\u00e7in sorbent. PSA (propils\u00fclfonik asitle modifiye edilmi\u015f silika jel) \u00e7ok g\u00fc\u00e7l\u00fc bir katyon de\u011fi\u015ftiricidir (kapasite ~ 0,7 meq\/g), CHROMABOND SA faz\u0131n\u0131n aksine \u03c0-\u03c0-\u03c0 etkile\u015fimleri yoktur. Not &#8211; QuEChERS uygulamas\u0131 i\u00e7in &#8220;CHROMABOND Diamino veya CHROMABOND QuEChERS&#8221; b\u00f6l\u00fcm\u00fcne bak\u0131n\u0131z.<\/p>\n","protected":false},"excerpt":{"rendered":"<p>Ambalaj malzemesi, SPE uygulamalar\u0131 i\u00e7in sorbent. PSA (propils\u00fclfonik asitle modifiye edilmi\u015f silika jel) \u00e7ok g\u00fc\u00e7l\u00fc bir katyon de\u011fi\u015ftiricidir (kapasite ~ 0,7 meq\/g), CHROMABOND SA faz\u0131n\u0131n aksine \u03c0-\u03c0-\u03c0 etkile\u015fimleri yoktur. Not &#8211; QuEChERS uygulamas\u0131 i\u00e7in &#8220;CHROMABOND Diamino veya CHROMABOND QuEChERS&#8221; b\u00f6l\u00fcm\u00fcne bak\u0131n\u0131z.<\/p>\n","protected":false},"featured_media":8346,"comment_status":"open","ping_status":"closed","template":"","meta":[],"product_cat":[68,67,76],"product_tag":[],"class_list":{"0":"post-12128","1":"product","2":"type-product","3":"status-publish","4":"has-post-thumbnail","6":"product_cat-kati-faz-ekstraksiyonu-spe","7":"product_cat-kromatografi","8":"product_cat-spe-sorbentleri","10":"first","11":"instock","12":"shipping-taxable","13":"product-type-simple"},"_links":{"self":[{"href":"https:\/\/develop.eam-scientific.com\/tr\/wp-json\/wp\/v2\/product\/12128","targetHints":{"allow":["GET"]}}],"collection":[{"href":"https:\/\/develop.eam-scientific.com\/tr\/wp-json\/wp\/v2\/product"}],"about":[{"href":"https:\/\/develop.eam-scientific.com\/tr\/wp-json\/wp\/v2\/types\/product"}],"replies":[{"embeddable":true,"href":"https:\/\/develop.eam-scientific.com\/tr\/wp-json\/wp\/v2\/comments?post=12128"}],"wp:featuredmedia":[{"embeddable":true,"href":"https:\/\/develop.eam-scientific.com\/tr\/wp-json\/wp\/v2\/media\/8346"}],"wp:attachment":[{"href":"https:\/\/develop.eam-scientific.com\/tr\/wp-json\/wp\/v2\/media?parent=12128"}],"wp:term":[{"taxonomy":"product_cat","embeddable":true,"href":"https:\/\/develop.eam-scientific.com\/tr\/wp-json\/wp\/v2\/product_cat?post=12128"},{"taxonomy":"product_tag","embeddable":true,"href":"https:\/\/develop.eam-scientific.com\/tr\/wp-json\/wp\/v2\/product_tag?post=12128"}],"curies":[{"name":"wp","href":"https:\/\/api.w.org\/{rel}","templated":true}]}}