{"id":12139,"date":"2024-06-20T14:55:49","date_gmt":"2024-06-20T12:55:49","guid":{"rendered":"http:\/\/develop.eam-scientific.com\/produkt\/spe-sorbens-doekme-chromabond-hilic\/"},"modified":"2024-06-28T10:11:02","modified_gmt":"2024-06-28T08:11:02","slug":"spe-sorbens-doekme-chromabond-hilic","status":"publish","type":"product","link":"https:\/\/develop.eam-scientific.com\/tr\/produkt\/spe-sorbens-doekme-chromabond-hilic\/","title":{"rendered":"SPE Sorbens (d\u00f6kme), CHROMABOND HILIC"},"content":{"rendered":"<p>Ambalaj malzemesi, SPE uygulamalar\u0131 i\u00e7in sorbent. Amonyum s\u00fclfonik asit modifikasyonlu zwitteriyonik polar faz. Polar analitler polar olmayan bile\u015fiklere g\u00f6re daha g\u00fc\u00e7l\u00fc ba\u011flan\u0131rlar. Bu ba\u011flanma davran\u0131\u015f\u0131 RP malzemelerine ters (ortogonal) bir davran\u0131\u015ft\u0131r.<\/p>\n","protected":false},"excerpt":{"rendered":"<p>Ambalaj malzemesi, SPE uygulamalar\u0131 i\u00e7in sorbent. Amonyum s\u00fclfonik asit modifikasyonlu zwitteriyonik polar faz. Polar analitler polar olmayan bile\u015fiklere g\u00f6re daha g\u00fc\u00e7l\u00fc ba\u011flan\u0131rlar. Bu ba\u011flanma davran\u0131\u015f\u0131 RP malzemelerine ters (ortogonal) bir davran\u0131\u015ft\u0131r.<\/p>\n","protected":false},"featured_media":8336,"comment_status":"open","ping_status":"closed","template":"","meta":[],"product_cat":[68,67,76],"product_tag":[],"class_list":{"0":"post-12139","1":"product","2":"type-product","3":"status-publish","4":"has-post-thumbnail","6":"product_cat-kati-faz-ekstraksiyonu-spe","7":"product_cat-kromatografi","8":"product_cat-spe-sorbentleri","10":"first","11":"instock","12":"shipping-taxable","13":"product-type-simple"},"_links":{"self":[{"href":"https:\/\/develop.eam-scientific.com\/tr\/wp-json\/wp\/v2\/product\/12139","targetHints":{"allow":["GET"]}}],"collection":[{"href":"https:\/\/develop.eam-scientific.com\/tr\/wp-json\/wp\/v2\/product"}],"about":[{"href":"https:\/\/develop.eam-scientific.com\/tr\/wp-json\/wp\/v2\/types\/product"}],"replies":[{"embeddable":true,"href":"https:\/\/develop.eam-scientific.com\/tr\/wp-json\/wp\/v2\/comments?post=12139"}],"wp:featuredmedia":[{"embeddable":true,"href":"https:\/\/develop.eam-scientific.com\/tr\/wp-json\/wp\/v2\/media\/8336"}],"wp:attachment":[{"href":"https:\/\/develop.eam-scientific.com\/tr\/wp-json\/wp\/v2\/media?parent=12139"}],"wp:term":[{"taxonomy":"product_cat","embeddable":true,"href":"https:\/\/develop.eam-scientific.com\/tr\/wp-json\/wp\/v2\/product_cat?post=12139"},{"taxonomy":"product_tag","embeddable":true,"href":"https:\/\/develop.eam-scientific.com\/tr\/wp-json\/wp\/v2\/product_tag?post=12139"}],"curies":[{"name":"wp","href":"https:\/\/api.w.org\/{rel}","templated":true}]}}