{"id":12143,"date":"2024-06-20T14:55:27","date_gmt":"2024-06-20T12:55:27","guid":{"rendered":"http:\/\/develop.eam-scientific.com\/produkt\/spe-sorbens-doekme-chromabond-sa\/"},"modified":"2024-06-28T10:10:52","modified_gmt":"2024-06-28T08:10:52","slug":"spe-sorbens-doekme-chromabond-sa","status":"publish","type":"product","link":"https:\/\/develop.eam-scientific.com\/tr\/produkt\/spe-sorbens-doekme-chromabond-sa\/","title":{"rendered":"SPE Sorbens (D\u00f6kme), CHROMABOND SA"},"content":{"rendered":"<p>Ambalaj malzemesi, SPE uygulamalar\u0131 i\u00e7in sorbent. Benzens\u00fclfonik asitle modifiye edilmi\u015f silika jel, g\u00fc\u00e7l\u00fc asidik katyon de\u011fi\u015ftirici (SCX, kapasite ~ 0,5 meq\/g), hidrofobik ve \u03c0-\u03c0 etkile\u015fimli sorbent (benzen halkas\u0131), sulu matristen organik bile\u015fiklerin iyon de\u011fi\u015fimi, iyonik ve polar olmayan etkile\u015fimleri n\u00f6tralize eden \u00e7\u00f6z\u00fcc\u00fc sistemlerle ilgilenilen bile\u015fiklerin el\u00fcsyonu, \u00f6rn. metanolik HCl.<\/p>\n","protected":false},"excerpt":{"rendered":"<p>Ambalaj malzemesi, SPE uygulamalar\u0131 i\u00e7in sorbent. Benzens\u00fclfonik asitle modifiye edilmi\u015f silika jel, g\u00fc\u00e7l\u00fc asidik katyon de\u011fi\u015ftirici (SCX, kapasite ~ 0,5 meq\/g), hidrofobik ve \u03c0-\u03c0 etkile\u015fimli sorbent (benzen halkas\u0131), sulu matristen organik bile\u015fiklerin iyon de\u011fi\u015fimi, iyonik ve polar olmayan etkile\u015fimleri n\u00f6tralize eden \u00e7\u00f6z\u00fcc\u00fc sistemlerle ilgilenilen bile\u015fiklerin el\u00fcsyonu, \u00f6rn. metanolik HCl.<\/p>\n","protected":false},"featured_media":8324,"comment_status":"open","ping_status":"closed","template":"","meta":[],"product_cat":[68,67,76],"product_tag":[],"class_list":{"0":"post-12143","1":"product","2":"type-product","3":"status-publish","4":"has-post-thumbnail","6":"product_cat-kati-faz-ekstraksiyonu-spe","7":"product_cat-kromatografi","8":"product_cat-spe-sorbentleri","10":"first","11":"instock","12":"shipping-taxable","13":"product-type-simple"},"_links":{"self":[{"href":"https:\/\/develop.eam-scientific.com\/tr\/wp-json\/wp\/v2\/product\/12143","targetHints":{"allow":["GET"]}}],"collection":[{"href":"https:\/\/develop.eam-scientific.com\/tr\/wp-json\/wp\/v2\/product"}],"about":[{"href":"https:\/\/develop.eam-scientific.com\/tr\/wp-json\/wp\/v2\/types\/product"}],"replies":[{"embeddable":true,"href":"https:\/\/develop.eam-scientific.com\/tr\/wp-json\/wp\/v2\/comments?post=12143"}],"wp:featuredmedia":[{"embeddable":true,"href":"https:\/\/develop.eam-scientific.com\/tr\/wp-json\/wp\/v2\/media\/8324"}],"wp:attachment":[{"href":"https:\/\/develop.eam-scientific.com\/tr\/wp-json\/wp\/v2\/media?parent=12143"}],"wp:term":[{"taxonomy":"product_cat","embeddable":true,"href":"https:\/\/develop.eam-scientific.com\/tr\/wp-json\/wp\/v2\/product_cat?post=12143"},{"taxonomy":"product_tag","embeddable":true,"href":"https:\/\/develop.eam-scientific.com\/tr\/wp-json\/wp\/v2\/product_tag?post=12143"}],"curies":[{"name":"wp","href":"https:\/\/api.w.org\/{rel}","templated":true}]}}