{"id":12144,"date":"2024-06-20T14:55:27","date_gmt":"2024-06-20T12:55:27","guid":{"rendered":"http:\/\/develop.eam-scientific.com\/produkt\/spe-sorbens-doekme-chromabond-nan\/"},"modified":"2024-06-28T10:11:04","modified_gmt":"2024-06-28T08:11:04","slug":"spe-sorbens-doekme-chromabond-nan","status":"publish","type":"product","link":"https:\/\/develop.eam-scientific.com\/tr\/produkt\/spe-sorbens-doekme-chromabond-nan\/","title":{"rendered":"SPE Sorbens (D\u00f6kme), CHROMABOND NAN"},"content":{"rendered":"<p>Ambalaj malzemesi, SPE uygulamalar\u0131 i\u00e7in sorbent. Kanalizasyon \u00e7amurundan PCB&#8217;lerin SPE analizi i\u00e7in \u00f6zel kombinasyon faz\u0131 &#8211; N, su izlerini gidermek i\u00e7in sodyum s\u00fclfat. A, s\u00fclf\u00fcr, s\u00fclf\u00fcr i\u00e7eren ve polar bile\u015fiklerin ayr\u0131lmas\u0131 i\u00e7in SiOH\/AgNO3 faz\u0131.<\/p>\n","protected":false},"excerpt":{"rendered":"<p>Ambalaj malzemesi, SPE uygulamalar\u0131 i\u00e7in sorbent. Kanalizasyon \u00e7amurundan PCB&#8217;lerin SPE analizi i\u00e7in \u00f6zel kombinasyon faz\u0131 &#8211; N, su izlerini gidermek i\u00e7in sodyum s\u00fclfat. A, s\u00fclf\u00fcr, s\u00fclf\u00fcr i\u00e7eren ve polar bile\u015fiklerin ayr\u0131lmas\u0131 i\u00e7in SiOH\/AgNO3 faz\u0131.<\/p>\n","protected":false},"featured_media":8328,"comment_status":"open","ping_status":"closed","template":"","meta":[],"product_cat":[68,67,76],"product_tag":[],"class_list":{"0":"post-12144","1":"product","2":"type-product","3":"status-publish","4":"has-post-thumbnail","6":"product_cat-kati-faz-ekstraksiyonu-spe","7":"product_cat-kromatografi","8":"product_cat-spe-sorbentleri","10":"first","11":"instock","12":"shipping-taxable","13":"product-type-simple"},"_links":{"self":[{"href":"https:\/\/develop.eam-scientific.com\/tr\/wp-json\/wp\/v2\/product\/12144","targetHints":{"allow":["GET"]}}],"collection":[{"href":"https:\/\/develop.eam-scientific.com\/tr\/wp-json\/wp\/v2\/product"}],"about":[{"href":"https:\/\/develop.eam-scientific.com\/tr\/wp-json\/wp\/v2\/types\/product"}],"replies":[{"embeddable":true,"href":"https:\/\/develop.eam-scientific.com\/tr\/wp-json\/wp\/v2\/comments?post=12144"}],"wp:featuredmedia":[{"embeddable":true,"href":"https:\/\/develop.eam-scientific.com\/tr\/wp-json\/wp\/v2\/media\/8328"}],"wp:attachment":[{"href":"https:\/\/develop.eam-scientific.com\/tr\/wp-json\/wp\/v2\/media?parent=12144"}],"wp:term":[{"taxonomy":"product_cat","embeddable":true,"href":"https:\/\/develop.eam-scientific.com\/tr\/wp-json\/wp\/v2\/product_cat?post=12144"},{"taxonomy":"product_tag","embeddable":true,"href":"https:\/\/develop.eam-scientific.com\/tr\/wp-json\/wp\/v2\/product_tag?post=12144"}],"curies":[{"name":"wp","href":"https:\/\/api.w.org\/{rel}","templated":true}]}}