{"id":12148,"date":"2024-06-20T14:55:27","date_gmt":"2024-06-20T12:55:27","guid":{"rendered":"http:\/\/develop.eam-scientific.com\/produkt\/spe-sorbens-doekme-chromabond-c18-f\/"},"modified":"2024-06-28T10:10:50","modified_gmt":"2024-06-28T08:10:50","slug":"spe-sorbens-doekme-chromabond-c18-f","status":"publish","type":"product","link":"https:\/\/develop.eam-scientific.com\/tr\/produkt\/spe-sorbens-doekme-chromabond-c18-f\/","title":{"rendered":"SPE Sorbens (d\u00f6kme), CHROMABOND C18 f"},"content":{"rendered":"<p>Ambalaj malzemesi, SPE uygulamalar\u0131 i\u00e7in sorbent. Bununla birlikte, C18 ec&#8217;ye benzer \u015fekilde, analitlerin polar gruplar\u0131 ile ikincil etkile\u015fimleri m\u00fcmk\u00fcn k\u0131lan daha fazla serbest silanol (SiOH) i\u00e7erir. Daha h\u0131zl\u0131 ak\u0131\u015f i\u00e7in daha b\u00fcy\u00fck partik\u00fcller.  <\/p>\n","protected":false},"excerpt":{"rendered":"<p>Ambalaj malzemesi, SPE uygulamalar\u0131 i\u00e7in sorbent. Bununla birlikte, C18 ec&#8217;ye benzer \u015fekilde, analitlerin polar gruplar\u0131 ile ikincil etkile\u015fimleri m\u00fcmk\u00fcn k\u0131lan daha fazla serbest silanol (SiOH) i\u00e7erir. Daha h\u0131zl\u0131 ak\u0131\u015f i\u00e7in daha b\u00fcy\u00fck partik\u00fcller.<\/p>\n","protected":false},"featured_media":8326,"comment_status":"open","ping_status":"closed","template":"","meta":[],"product_cat":[68,67,76],"product_tag":[],"class_list":{"0":"post-12148","1":"product","2":"type-product","3":"status-publish","4":"has-post-thumbnail","6":"product_cat-kati-faz-ekstraksiyonu-spe","7":"product_cat-kromatografi","8":"product_cat-spe-sorbentleri","10":"first","11":"instock","12":"shipping-taxable","13":"product-type-simple"},"_links":{"self":[{"href":"https:\/\/develop.eam-scientific.com\/tr\/wp-json\/wp\/v2\/product\/12148","targetHints":{"allow":["GET"]}}],"collection":[{"href":"https:\/\/develop.eam-scientific.com\/tr\/wp-json\/wp\/v2\/product"}],"about":[{"href":"https:\/\/develop.eam-scientific.com\/tr\/wp-json\/wp\/v2\/types\/product"}],"replies":[{"embeddable":true,"href":"https:\/\/develop.eam-scientific.com\/tr\/wp-json\/wp\/v2\/comments?post=12148"}],"wp:featuredmedia":[{"embeddable":true,"href":"https:\/\/develop.eam-scientific.com\/tr\/wp-json\/wp\/v2\/media\/8326"}],"wp:attachment":[{"href":"https:\/\/develop.eam-scientific.com\/tr\/wp-json\/wp\/v2\/media?parent=12148"}],"wp:term":[{"taxonomy":"product_cat","embeddable":true,"href":"https:\/\/develop.eam-scientific.com\/tr\/wp-json\/wp\/v2\/product_cat?post=12148"},{"taxonomy":"product_tag","embeddable":true,"href":"https:\/\/develop.eam-scientific.com\/tr\/wp-json\/wp\/v2\/product_tag?post=12148"}],"curies":[{"name":"wp","href":"https:\/\/api.w.org\/{rel}","templated":true}]}}