{"id":12160,"date":"2024-06-20T15:04:47","date_gmt":"2024-06-20T13:04:47","guid":{"rendered":"http:\/\/develop.eam-scientific.com\/produkt\/havsa-kapagi-n-11-alueminyum-delik-ptfe-gri-butil-bej-ptfe-gri-13-mm\/"},"modified":"2024-06-20T15:04:47","modified_gmt":"2024-06-20T13:04:47","slug":"havsa-kapagi-n-11-alueminyum-delik-ptfe-gri-butil-bej-ptfe-gri-13-mm","status":"publish","type":"product","link":"https:\/\/develop.eam-scientific.com\/tr\/produkt\/havsa-kapagi-n-11-alueminyum-delik-ptfe-gri-butil-bej-ptfe-gri-13-mm\/","title":{"rendered":"Hav\u015fa kapa\u011f\u0131, N 11, al\u00fcminyum, delik, PTFE gri\/butil bej\/PTFE gri, 1,3 mm"},"content":{"rendered":"<p>Bu \u00fcr\u00fcn, 11 mm al\u00fcminyum hav\u015fa kapaklar\u0131ndan olu\u015fan geni\u015f \u00fcr\u00fcn yelpazemizin bir par\u00e7as\u0131d\u0131r. Bir\u00e7ok k\u0131vr\u0131ml\u0131 kapak, farkl\u0131 numune t\u00fcrlerini, laboratuvarlar\u0131 veya katmanlar\u0131 i\u015faretlemek i\u00e7in kullan\u0131labilecek farkl\u0131 kapak renkleriyle de mevcuttur.<\/p>\n","protected":false},"excerpt":{"rendered":"<p>Bu \u00fcr\u00fcn, 11 mm al\u00fcminyum hav\u015fa kapaklar\u0131ndan olu\u015fan geni\u015f \u00fcr\u00fcn yelpazemizin bir par\u00e7as\u0131d\u0131r. Bir\u00e7ok k\u0131vr\u0131ml\u0131 kapak, farkl\u0131 numune t\u00fcrlerini, laboratuvarlar\u0131 veya katmanlar\u0131 i\u015faretlemek i\u00e7in kullan\u0131labilecek farkl\u0131 kapak renkleriyle de mevcuttur.<\/p>\n","protected":false},"featured_media":8878,"comment_status":"open","ping_status":"closed","template":"","meta":[],"product_cat":[98,97,67,92],"product_tag":[],"class_list":{"0":"post-12160","1":"product","2":"type-product","3":"status-publish","4":"has-post-thumbnail","6":"product_cat-kapaklar-ve-septalar","7":"product_cat-kapanislar","8":"product_cat-kromatografi","9":"product_cat-vial-ve-kapaklar","11":"first","12":"instock","13":"shipping-taxable","14":"product-type-simple"},"_links":{"self":[{"href":"https:\/\/develop.eam-scientific.com\/tr\/wp-json\/wp\/v2\/product\/12160","targetHints":{"allow":["GET"]}}],"collection":[{"href":"https:\/\/develop.eam-scientific.com\/tr\/wp-json\/wp\/v2\/product"}],"about":[{"href":"https:\/\/develop.eam-scientific.com\/tr\/wp-json\/wp\/v2\/types\/product"}],"replies":[{"embeddable":true,"href":"https:\/\/develop.eam-scientific.com\/tr\/wp-json\/wp\/v2\/comments?post=12160"}],"wp:featuredmedia":[{"embeddable":true,"href":"https:\/\/develop.eam-scientific.com\/tr\/wp-json\/wp\/v2\/media\/8878"}],"wp:attachment":[{"href":"https:\/\/develop.eam-scientific.com\/tr\/wp-json\/wp\/v2\/media?parent=12160"}],"wp:term":[{"taxonomy":"product_cat","embeddable":true,"href":"https:\/\/develop.eam-scientific.com\/tr\/wp-json\/wp\/v2\/product_cat?post=12160"},{"taxonomy":"product_tag","embeddable":true,"href":"https:\/\/develop.eam-scientific.com\/tr\/wp-json\/wp\/v2\/product_tag?post=12160"}],"curies":[{"name":"wp","href":"https:\/\/api.w.org\/{rel}","templated":true}]}}