{"id":12168,"date":"2024-06-20T15:04:47","date_gmt":"2024-06-20T13:04:47","guid":{"rendered":"http:\/\/develop.eam-scientific.com\/produkt\/mikro-insert-n-8n-11-50x310-mm-015-ml-konik-9-mm-uc-seffaf\/"},"modified":"2024-06-28T10:14:30","modified_gmt":"2024-06-28T08:14:30","slug":"mikro-insert-n-8n-11-50x310-mm-015-ml-konik-9-mm-uc-seffaf","status":"publish","type":"product","link":"https:\/\/develop.eam-scientific.com\/tr\/produkt\/mikro-insert-n-8n-11-50x310-mm-015-ml-konik-9-mm-uc-seffaf\/","title":{"rendered":"Mikro insert, N 8|N 11, 5,0&#215;31,0 mm, 0,1 mL, konik, 15 mm u\u00e7, \u015feffaf"},"content":{"rendered":"<p>Dar a\u00e7\u0131kl\u0131kl\u0131 \u015fi\u015feler i\u00e7in konik mikro insert, i\u011fnenin numune almas\u0131 i\u00e7in ideal ko\u015fullar\u0131 sa\u011flar.<\/p>\n","protected":false},"excerpt":{"rendered":"<p>Dar a\u00e7\u0131kl\u0131kl\u0131 \u015fi\u015feler i\u00e7in konik mikro insert, i\u011fnenin numune almas\u0131 i\u00e7in ideal ko\u015fullar\u0131 sa\u011flar.<\/p>\n","protected":false},"featured_media":15716,"comment_status":"open","ping_status":"closed","template":"","meta":[],"product_cat":[67,93,92],"product_tag":[],"class_list":{"0":"post-12168","1":"product","2":"type-product","3":"status-publish","4":"has-post-thumbnail","6":"product_cat-kromatografi","7":"product_cat-mikro-uclar","8":"product_cat-vial-ve-kapaklar","10":"first","11":"instock","12":"shipping-taxable","13":"product-type-simple"},"_links":{"self":[{"href":"https:\/\/develop.eam-scientific.com\/tr\/wp-json\/wp\/v2\/product\/12168","targetHints":{"allow":["GET"]}}],"collection":[{"href":"https:\/\/develop.eam-scientific.com\/tr\/wp-json\/wp\/v2\/product"}],"about":[{"href":"https:\/\/develop.eam-scientific.com\/tr\/wp-json\/wp\/v2\/types\/product"}],"replies":[{"embeddable":true,"href":"https:\/\/develop.eam-scientific.com\/tr\/wp-json\/wp\/v2\/comments?post=12168"}],"wp:featuredmedia":[{"embeddable":true,"href":"https:\/\/develop.eam-scientific.com\/tr\/wp-json\/wp\/v2\/media\/15716"}],"wp:attachment":[{"href":"https:\/\/develop.eam-scientific.com\/tr\/wp-json\/wp\/v2\/media?parent=12168"}],"wp:term":[{"taxonomy":"product_cat","embeddable":true,"href":"https:\/\/develop.eam-scientific.com\/tr\/wp-json\/wp\/v2\/product_cat?post=12168"},{"taxonomy":"product_tag","embeddable":true,"href":"https:\/\/develop.eam-scientific.com\/tr\/wp-json\/wp\/v2\/product_tag?post=12168"}],"curies":[{"name":"wp","href":"https:\/\/api.w.org\/{rel}","templated":true}]}}