{"id":12169,"date":"2024-06-20T15:04:47","date_gmt":"2024-06-20T13:04:47","guid":{"rendered":"http:\/\/develop.eam-scientific.com\/produkt\/microinsert-n-9n-10n-11-6-0x31-0-mm-0-2-ml-15-mm-uc-seffaf-silanize\/"},"modified":"2024-06-20T15:04:47","modified_gmt":"2024-06-20T13:04:47","slug":"microinsert-n-9n-10n-11-6-0x31-0-mm-0-2-ml-15-mm-uc-seffaf-silanize","status":"publish","type":"product","link":"https:\/\/develop.eam-scientific.com\/tr\/produkt\/microinsert-n-9n-10n-11-6-0x31-0-mm-0-2-ml-15-mm-uc-seffaf-silanize\/","title":{"rendered":"Microinsert, N 9|N 10|N 11, 6.0&#215;31.0 mm, 0.2 mL, 15 mm u\u00e7, \u015feffaf, silanize"},"content":{"rendered":"<p>Silanize u\u00e7lar, polar bile\u015fiklerin normalde polar olan cam y\u00fczeyine adsorpsiyonunu azaltmak i\u00e7in kullan\u0131l\u0131r.<\/p>\n","protected":false},"excerpt":{"rendered":"<p>Silanize u\u00e7lar, polar bile\u015fiklerin normalde polar olan cam y\u00fczeyine adsorpsiyonunu azaltmak i\u00e7in kullan\u0131l\u0131r.<\/p>\n","protected":false},"featured_media":8868,"comment_status":"open","ping_status":"closed","template":"","meta":[],"product_cat":[67,93,92],"product_tag":[],"class_list":{"0":"post-12169","1":"product","2":"type-product","3":"status-publish","4":"has-post-thumbnail","6":"product_cat-kromatografi","7":"product_cat-mikro-uclar","8":"product_cat-vial-ve-kapaklar","10":"first","11":"instock","12":"shipping-taxable","13":"product-type-simple"},"_links":{"self":[{"href":"https:\/\/develop.eam-scientific.com\/tr\/wp-json\/wp\/v2\/product\/12169","targetHints":{"allow":["GET"]}}],"collection":[{"href":"https:\/\/develop.eam-scientific.com\/tr\/wp-json\/wp\/v2\/product"}],"about":[{"href":"https:\/\/develop.eam-scientific.com\/tr\/wp-json\/wp\/v2\/types\/product"}],"replies":[{"embeddable":true,"href":"https:\/\/develop.eam-scientific.com\/tr\/wp-json\/wp\/v2\/comments?post=12169"}],"wp:featuredmedia":[{"embeddable":true,"href":"https:\/\/develop.eam-scientific.com\/tr\/wp-json\/wp\/v2\/media\/8868"}],"wp:attachment":[{"href":"https:\/\/develop.eam-scientific.com\/tr\/wp-json\/wp\/v2\/media?parent=12169"}],"wp:term":[{"taxonomy":"product_cat","embeddable":true,"href":"https:\/\/develop.eam-scientific.com\/tr\/wp-json\/wp\/v2\/product_cat?post=12169"},{"taxonomy":"product_tag","embeddable":true,"href":"https:\/\/develop.eam-scientific.com\/tr\/wp-json\/wp\/v2\/product_tag?post=12169"}],"curies":[{"name":"wp","href":"https:\/\/api.w.org\/{rel}","templated":true}]}}