{"id":12173,"date":"2024-06-20T15:04:47","date_gmt":"2024-06-20T13:04:47","guid":{"rendered":"http:\/\/develop.eam-scientific.com\/produkt\/mikro-insert-n-13-60x400-mm-03-ml-konik-yayli-702974-notw-seffaf\/"},"modified":"2024-06-20T15:04:47","modified_gmt":"2024-06-20T13:04:47","slug":"mikro-insert-n-13-60x400-mm-03-ml-konik-yayli-702974-notw-seffaf","status":"publish","type":"product","link":"https:\/\/develop.eam-scientific.com\/tr\/produkt\/mikro-insert-n-13-60x400-mm-03-ml-konik-yayli-702974-notw-seffaf\/","title":{"rendered":"Mikro insert, N 13, 6,0&#215;40,0 mm, 0,3 mL, konik, yayl\u0131 702974 notw., \u015feffaf"},"content":{"rendered":"<p>\u0130\u011fnenin numune almas\u0131 i\u00e7in ideal ko\u015fullar\u0131 sa\u011flayan 4 mL di\u015fli \u015fi\u015feler i\u00e7in konik mikro u\u00e7.<\/p>\n","protected":false},"excerpt":{"rendered":"<p>\u0130\u011fnenin numune almas\u0131 i\u00e7in ideal ko\u015fullar\u0131 sa\u011flayan 4 mL di\u015fli \u015fi\u015feler i\u00e7in konik mikro u\u00e7.<\/p>\n","protected":false},"featured_media":8866,"comment_status":"open","ping_status":"closed","template":"","meta":[],"product_cat":[67,93,92],"product_tag":[],"class_list":{"0":"post-12173","1":"product","2":"type-product","3":"status-publish","4":"has-post-thumbnail","6":"product_cat-kromatografi","7":"product_cat-mikro-uclar","8":"product_cat-vial-ve-kapaklar","10":"first","11":"instock","12":"shipping-taxable","13":"product-type-simple"},"_links":{"self":[{"href":"https:\/\/develop.eam-scientific.com\/tr\/wp-json\/wp\/v2\/product\/12173","targetHints":{"allow":["GET"]}}],"collection":[{"href":"https:\/\/develop.eam-scientific.com\/tr\/wp-json\/wp\/v2\/product"}],"about":[{"href":"https:\/\/develop.eam-scientific.com\/tr\/wp-json\/wp\/v2\/types\/product"}],"replies":[{"embeddable":true,"href":"https:\/\/develop.eam-scientific.com\/tr\/wp-json\/wp\/v2\/comments?post=12173"}],"wp:featuredmedia":[{"embeddable":true,"href":"https:\/\/develop.eam-scientific.com\/tr\/wp-json\/wp\/v2\/media\/8866"}],"wp:attachment":[{"href":"https:\/\/develop.eam-scientific.com\/tr\/wp-json\/wp\/v2\/media?parent=12173"}],"wp:term":[{"taxonomy":"product_cat","embeddable":true,"href":"https:\/\/develop.eam-scientific.com\/tr\/wp-json\/wp\/v2\/product_cat?post=12173"},{"taxonomy":"product_tag","embeddable":true,"href":"https:\/\/develop.eam-scientific.com\/tr\/wp-json\/wp\/v2\/product_tag?post=12173"}],"curies":[{"name":"wp","href":"https:\/\/api.w.org\/{rel}","templated":true}]}}