{"id":12175,"date":"2024-06-20T15:04:26","date_gmt":"2024-06-20T13:04:26","guid":{"rendered":"http:\/\/develop.eam-scientific.com\/produkt\/mikro-insert-n-8n-11-50x310-mm-025-ml-duez-tabanli-seffaf\/"},"modified":"2024-06-20T15:04:26","modified_gmt":"2024-06-20T13:04:26","slug":"mikro-insert-n-8n-11-50x310-mm-025-ml-duez-tabanli-seffaf","status":"publish","type":"product","link":"https:\/\/develop.eam-scientific.com\/tr\/produkt\/mikro-insert-n-8n-11-50x310-mm-025-ml-duez-tabanli-seffaf\/","title":{"rendered":"Mikro insert, N 8|N 11, 5,0&#215;31,0 mm, 0,25 mL, d\u00fcz tabanl\u0131, \u015feffaf"},"content":{"rendered":"<p>Dar a\u00e7\u0131kl\u0131kl\u0131 \u015fi\u015feler i\u00e7in ucuz, basit mikro insert, daha k\u00fc\u00e7\u00fck \u00e7ap nedeniyle hacmi azalt\u0131r.<\/p>\n","protected":false},"excerpt":{"rendered":"<p>Dar a\u00e7\u0131kl\u0131kl\u0131 \u015fi\u015feler i\u00e7in ucuz, basit mikro insert, daha k\u00fc\u00e7\u00fck \u00e7ap nedeniyle hacmi azalt\u0131r.<\/p>\n","protected":false},"featured_media":8860,"comment_status":"open","ping_status":"closed","template":"","meta":[],"product_cat":[67,93,92],"product_tag":[],"class_list":{"0":"post-12175","1":"product","2":"type-product","3":"status-publish","4":"has-post-thumbnail","6":"product_cat-kromatografi","7":"product_cat-mikro-uclar","8":"product_cat-vial-ve-kapaklar","10":"first","11":"instock","12":"shipping-taxable","13":"product-type-simple"},"_links":{"self":[{"href":"https:\/\/develop.eam-scientific.com\/tr\/wp-json\/wp\/v2\/product\/12175","targetHints":{"allow":["GET"]}}],"collection":[{"href":"https:\/\/develop.eam-scientific.com\/tr\/wp-json\/wp\/v2\/product"}],"about":[{"href":"https:\/\/develop.eam-scientific.com\/tr\/wp-json\/wp\/v2\/types\/product"}],"replies":[{"embeddable":true,"href":"https:\/\/develop.eam-scientific.com\/tr\/wp-json\/wp\/v2\/comments?post=12175"}],"wp:featuredmedia":[{"embeddable":true,"href":"https:\/\/develop.eam-scientific.com\/tr\/wp-json\/wp\/v2\/media\/8860"}],"wp:attachment":[{"href":"https:\/\/develop.eam-scientific.com\/tr\/wp-json\/wp\/v2\/media?parent=12175"}],"wp:term":[{"taxonomy":"product_cat","embeddable":true,"href":"https:\/\/develop.eam-scientific.com\/tr\/wp-json\/wp\/v2\/product_cat?post=12175"},{"taxonomy":"product_tag","embeddable":true,"href":"https:\/\/develop.eam-scientific.com\/tr\/wp-json\/wp\/v2\/product_tag?post=12175"}],"curies":[{"name":"wp","href":"https:\/\/api.w.org\/{rel}","templated":true}]}}