{"id":12178,"date":"2024-06-20T15:04:26","date_gmt":"2024-06-20T13:04:26","guid":{"rendered":"http:\/\/develop.eam-scientific.com\/produkt\/702972-icin-metal-yay-mikro-uc-n-13-70x510-mm\/"},"modified":"2024-06-20T15:04:26","modified_gmt":"2024-06-20T13:04:26","slug":"702972-icin-metal-yay-mikro-uc-n-13-70x510-mm","status":"publish","type":"product","link":"https:\/\/develop.eam-scientific.com\/tr\/produkt\/702972-icin-metal-yay-mikro-uc-n-13-70x510-mm\/","title":{"rendered":"702972 i\u00e7in metal yay (mikro u\u00e7 N 13), 7,0&#215;51,0 mm"},"content":{"rendered":"<p>Bu metal yay, mikro insert 702972&#8217;yi 4 mL di\u015fli bir \u015fi\u015fede ortalamak i\u00e7in gereklidir.<\/p>\n","protected":false},"excerpt":{"rendered":"<p>Bu metal yay, mikro insert 702972&#8217;yi 4 mL di\u015fli bir \u015fi\u015fede ortalamak i\u00e7in gereklidir.<\/p>\n","protected":false},"featured_media":8854,"comment_status":"open","ping_status":"closed","template":"","meta":[],"product_cat":[67,93,92],"product_tag":[],"class_list":{"0":"post-12178","1":"product","2":"type-product","3":"status-publish","4":"has-post-thumbnail","6":"product_cat-kromatografi","7":"product_cat-mikro-uclar","8":"product_cat-vial-ve-kapaklar","10":"first","11":"instock","12":"shipping-taxable","13":"product-type-simple"},"_links":{"self":[{"href":"https:\/\/develop.eam-scientific.com\/tr\/wp-json\/wp\/v2\/product\/12178","targetHints":{"allow":["GET"]}}],"collection":[{"href":"https:\/\/develop.eam-scientific.com\/tr\/wp-json\/wp\/v2\/product"}],"about":[{"href":"https:\/\/develop.eam-scientific.com\/tr\/wp-json\/wp\/v2\/types\/product"}],"replies":[{"embeddable":true,"href":"https:\/\/develop.eam-scientific.com\/tr\/wp-json\/wp\/v2\/comments?post=12178"}],"wp:featuredmedia":[{"embeddable":true,"href":"https:\/\/develop.eam-scientific.com\/tr\/wp-json\/wp\/v2\/media\/8854"}],"wp:attachment":[{"href":"https:\/\/develop.eam-scientific.com\/tr\/wp-json\/wp\/v2\/media?parent=12178"}],"wp:term":[{"taxonomy":"product_cat","embeddable":true,"href":"https:\/\/develop.eam-scientific.com\/tr\/wp-json\/wp\/v2\/product_cat?post=12178"},{"taxonomy":"product_tag","embeddable":true,"href":"https:\/\/develop.eam-scientific.com\/tr\/wp-json\/wp\/v2\/product_tag?post=12178"}],"curies":[{"name":"wp","href":"https:\/\/api.w.org\/{rel}","templated":true}]}}