{"id":12180,"date":"2024-06-20T15:04:26","date_gmt":"2024-06-20T13:04:26","guid":{"rendered":"http:\/\/develop.eam-scientific.com\/produkt\/mikro-insert-n-9n-10n-11-5-7x29-0-mm-0-1-ml-konik-seffaf-yayli-silanize\/"},"modified":"2024-06-28T10:14:29","modified_gmt":"2024-06-28T08:14:29","slug":"mikro-insert-n-9n-10n-11-5-7x29-0-mm-0-1-ml-konik-seffaf-yayli-silanize","status":"publish","type":"product","link":"https:\/\/develop.eam-scientific.com\/tr\/produkt\/mikro-insert-n-9n-10n-11-5-7x29-0-mm-0-1-ml-konik-seffaf-yayli-silanize\/","title":{"rendered":"Mikro insert, N 9|N 10|N 11, 5,7&#215;29,0 mm, 0,1 mL, konik, \u015feffaf, yayl\u0131"},"content":{"rendered":"<p>Monte edilmi\u015f yay, ek par\u00e7aya \u015fi\u015fede mutlak merkezleme sa\u011flar ve kolay \u00e7\u0131kar\u0131lmas\u0131n\u0131 sa\u011flar.<\/p>\n","protected":false},"excerpt":{"rendered":"<p>Monte edilmi\u015f yay, ek par\u00e7aya \u015fi\u015fede mutlak merkezleme sa\u011flar ve kolay \u00e7\u0131kar\u0131lmas\u0131n\u0131 sa\u011flar.<\/p>\n","protected":false},"featured_media":15719,"comment_status":"open","ping_status":"closed","template":"","meta":[],"product_cat":[67,93,92],"product_tag":[],"class_list":{"0":"post-12180","1":"product","2":"type-product","3":"status-publish","4":"has-post-thumbnail","6":"product_cat-kromatografi","7":"product_cat-mikro-uclar","8":"product_cat-vial-ve-kapaklar","10":"first","11":"instock","12":"shipping-taxable","13":"product-type-simple"},"_links":{"self":[{"href":"https:\/\/develop.eam-scientific.com\/tr\/wp-json\/wp\/v2\/product\/12180","targetHints":{"allow":["GET"]}}],"collection":[{"href":"https:\/\/develop.eam-scientific.com\/tr\/wp-json\/wp\/v2\/product"}],"about":[{"href":"https:\/\/develop.eam-scientific.com\/tr\/wp-json\/wp\/v2\/types\/product"}],"replies":[{"embeddable":true,"href":"https:\/\/develop.eam-scientific.com\/tr\/wp-json\/wp\/v2\/comments?post=12180"}],"wp:featuredmedia":[{"embeddable":true,"href":"https:\/\/develop.eam-scientific.com\/tr\/wp-json\/wp\/v2\/media\/15719"}],"wp:attachment":[{"href":"https:\/\/develop.eam-scientific.com\/tr\/wp-json\/wp\/v2\/media?parent=12180"}],"wp:term":[{"taxonomy":"product_cat","embeddable":true,"href":"https:\/\/develop.eam-scientific.com\/tr\/wp-json\/wp\/v2\/product_cat?post=12180"},{"taxonomy":"product_tag","embeddable":true,"href":"https:\/\/develop.eam-scientific.com\/tr\/wp-json\/wp\/v2\/product_tag?post=12180"}],"curies":[{"name":"wp","href":"https:\/\/api.w.org\/{rel}","templated":true}]}}