{"id":12183,"date":"2024-06-20T15:04:26","date_gmt":"2024-06-20T13:04:26","guid":{"rendered":"http:\/\/develop.eam-scientific.com\/produkt\/mikro-insert-n-9n-10n-11-57x290-mm-01-ml-konik-pp-yay\/"},"modified":"2024-06-20T15:04:26","modified_gmt":"2024-06-20T13:04:26","slug":"mikro-insert-n-9n-10n-11-57x290-mm-01-ml-konik-pp-yay","status":"publish","type":"product","link":"https:\/\/develop.eam-scientific.com\/tr\/produkt\/mikro-insert-n-9n-10n-11-57x290-mm-01-ml-konik-pp-yay\/","title":{"rendered":"Mikro insert, N 9|N 10|N 11, 5,7&#215;29,0 mm, 0,1 mL, konik, PP, yay"},"content":{"rendered":"<p>Entegre yay, ek par\u00e7aya \u015fi\u015fe i\u00e7inde mutlak merkezleme sa\u011flar ve \u00e7\u0131kar\u0131lmas\u0131n\u0131 kolayla\u015ft\u0131r\u0131r.<\/p>\n","protected":false},"excerpt":{"rendered":"<p>Entegre yay, ek par\u00e7aya \u015fi\u015fe i\u00e7inde mutlak merkezleme sa\u011flar ve \u00e7\u0131kar\u0131lmas\u0131n\u0131 kolayla\u015ft\u0131r\u0131r.<\/p>\n","protected":false},"featured_media":8856,"comment_status":"open","ping_status":"closed","template":"","meta":[],"product_cat":[67,93,92],"product_tag":[],"class_list":{"0":"post-12183","1":"product","2":"type-product","3":"status-publish","4":"has-post-thumbnail","6":"product_cat-kromatografi","7":"product_cat-mikro-uclar","8":"product_cat-vial-ve-kapaklar","10":"first","11":"instock","12":"shipping-taxable","13":"product-type-simple"},"_links":{"self":[{"href":"https:\/\/develop.eam-scientific.com\/tr\/wp-json\/wp\/v2\/product\/12183","targetHints":{"allow":["GET"]}}],"collection":[{"href":"https:\/\/develop.eam-scientific.com\/tr\/wp-json\/wp\/v2\/product"}],"about":[{"href":"https:\/\/develop.eam-scientific.com\/tr\/wp-json\/wp\/v2\/types\/product"}],"replies":[{"embeddable":true,"href":"https:\/\/develop.eam-scientific.com\/tr\/wp-json\/wp\/v2\/comments?post=12183"}],"wp:featuredmedia":[{"embeddable":true,"href":"https:\/\/develop.eam-scientific.com\/tr\/wp-json\/wp\/v2\/media\/8856"}],"wp:attachment":[{"href":"https:\/\/develop.eam-scientific.com\/tr\/wp-json\/wp\/v2\/media?parent=12183"}],"wp:term":[{"taxonomy":"product_cat","embeddable":true,"href":"https:\/\/develop.eam-scientific.com\/tr\/wp-json\/wp\/v2\/product_cat?post=12183"},{"taxonomy":"product_tag","embeddable":true,"href":"https:\/\/develop.eam-scientific.com\/tr\/wp-json\/wp\/v2\/product_tag?post=12183"}],"curies":[{"name":"wp","href":"https:\/\/api.w.org\/{rel}","templated":true}]}}