{"id":12190,"date":"2024-06-20T15:04:05","date_gmt":"2024-06-20T13:04:05","guid":{"rendered":"http:\/\/develop.eam-scientific.com\/produkt\/disli-sise-n-9-116x320-mm-15-ml-etiketleme-alani-duez-taban-kahverengi\/"},"modified":"2024-06-20T15:04:05","modified_gmt":"2024-06-20T13:04:05","slug":"disli-sise-n-9-116x320-mm-15-ml-etiketleme-alani-duez-taban-kahverengi","status":"publish","type":"product","link":"https:\/\/develop.eam-scientific.com\/tr\/produkt\/disli-sise-n-9-116x320-mm-15-ml-etiketleme-alani-duez-taban-kahverengi\/","title":{"rendered":"Di\u015fli \u015fi\u015fe, N 9, 11,6&#215;32,0 mm, 1,5 mL, etiketleme alan\u0131, d\u00fcz taban, kahverengi"},"content":{"rendered":"<p>11 mm haddelenmi\u015f a\u011f\u0131zl\u0131 \u015fi\u015felere ek olarak, t\u00fcm yayg\u0131n HPLC ve GC otomatik \u00f6rnekleyiciler i\u00e7in evrensel uyumlulu\u011fa sahip en \u00e7ok satan 1,5 mL \u015fi\u015feler.<\/p>\n","protected":false},"excerpt":{"rendered":"<p>11 mm haddelenmi\u015f a\u011f\u0131zl\u0131 \u015fi\u015felere ek olarak, t\u00fcm yayg\u0131n HPLC ve GC otomatik \u00f6rnekleyiciler i\u00e7in evrensel uyumlulu\u011fa sahip en \u00e7ok satan 1,5 mL \u015fi\u015feler.<\/p>\n","protected":false},"featured_media":8848,"comment_status":"open","ping_status":"closed","template":"","meta":[],"product_cat":[67,99,92],"product_tag":[],"class_list":{"0":"post-12190","1":"product","2":"type-product","3":"status-publish","4":"has-post-thumbnail","6":"product_cat-kromatografi","7":"product_cat-siseler","8":"product_cat-vial-ve-kapaklar","10":"first","11":"instock","12":"shipping-taxable","13":"product-type-simple"},"_links":{"self":[{"href":"https:\/\/develop.eam-scientific.com\/tr\/wp-json\/wp\/v2\/product\/12190","targetHints":{"allow":["GET"]}}],"collection":[{"href":"https:\/\/develop.eam-scientific.com\/tr\/wp-json\/wp\/v2\/product"}],"about":[{"href":"https:\/\/develop.eam-scientific.com\/tr\/wp-json\/wp\/v2\/types\/product"}],"replies":[{"embeddable":true,"href":"https:\/\/develop.eam-scientific.com\/tr\/wp-json\/wp\/v2\/comments?post=12190"}],"wp:featuredmedia":[{"embeddable":true,"href":"https:\/\/develop.eam-scientific.com\/tr\/wp-json\/wp\/v2\/media\/8848"}],"wp:attachment":[{"href":"https:\/\/develop.eam-scientific.com\/tr\/wp-json\/wp\/v2\/media?parent=12190"}],"wp:term":[{"taxonomy":"product_cat","embeddable":true,"href":"https:\/\/develop.eam-scientific.com\/tr\/wp-json\/wp\/v2\/product_cat?post=12190"},{"taxonomy":"product_tag","embeddable":true,"href":"https:\/\/develop.eam-scientific.com\/tr\/wp-json\/wp\/v2\/product_tag?post=12190"}],"curies":[{"name":"wp","href":"https:\/\/api.w.org\/{rel}","templated":true}]}}