{"id":12194,"date":"2024-06-20T15:04:05","date_gmt":"2024-06-20T13:04:05","guid":{"rendered":"http:\/\/develop.eam-scientific.com\/produkt\/gecmeli-halka-rulo-agizli-sise-n-11-116x320-mm-15-ml-duez-taban-seffaf\/"},"modified":"2024-06-20T15:04:05","modified_gmt":"2024-06-20T13:04:05","slug":"gecmeli-halka-rulo-agizli-sise-n-11-116x320-mm-15-ml-duez-taban-seffaf","status":"publish","type":"product","link":"https:\/\/develop.eam-scientific.com\/tr\/produkt\/gecmeli-halka-rulo-agizli-sise-n-11-116x320-mm-15-ml-duez-taban-seffaf\/","title":{"rendered":"Ge\u00e7meli halka\/rulo a\u011f\u0131zl\u0131 \u015fi\u015fe, N 11, 11,6&#215;32,0 mm, 1,5 mL, d\u00fcz taban, \u015feffaf"},"content":{"rendered":"<p>\u00c7\u0131t\u00e7\u0131tl\u0131 halka\/rulo a\u011f\u0131zl\u0131 \u015fi\u015feler N 11, \u00e7\u0131t\u00e7\u0131tl\u0131 halka kapama N 11 veya k\u0131vr\u0131ml\u0131 kapama N 11 ile kapat\u0131labilir. &nbsp;Sert veya yumu\u015fak ge\u00e7meli halkal\u0131 kapaklarla birlikte ge\u00e7meli halkal\u0131 flakonlar h\u0131zl\u0131 ve kullan\u0131\u015fl\u0131 bir kapatma y\u00f6ntemi sunar, ancak yaln\u0131zca HPLC&#8217;de kullan\u0131lmal\u0131d\u0131r. Snap-ring \u015fi\u015feler, robot destekli i\u015fleme sahip olanlar da dahil olmak \u00fczere neredeyse t\u00fcm otomatik \u00f6rnekleyicilerle uyumludur.<\/p>\n","protected":false},"excerpt":{"rendered":"<p>\u00c7\u0131t\u00e7\u0131tl\u0131 halka\/rulo a\u011f\u0131zl\u0131 \u015fi\u015feler N 11, \u00e7\u0131t\u00e7\u0131tl\u0131 halka kapama N 11 veya k\u0131vr\u0131ml\u0131 kapama N 11 ile kapat\u0131labilir. &nbsp;Sert veya yumu\u015fak ge\u00e7meli halkal\u0131 kapaklarla birlikte ge\u00e7meli halkal\u0131 flakonlar h\u0131zl\u0131 ve kullan\u0131\u015fl\u0131 bir kapatma y\u00f6ntemi sunar, ancak yaln\u0131zca HPLC&#8217;de kullan\u0131lmal\u0131d\u0131r. Snap-ring \u015fi\u015feler, robot destekli i\u015fleme sahip olanlar da dahil olmak \u00fczere neredeyse t\u00fcm otomatik \u00f6rnekleyicilerle uyumludur.<\/p>\n","protected":false},"featured_media":8846,"comment_status":"open","ping_status":"closed","template":"","meta":[],"product_cat":[67,99,92],"product_tag":[],"class_list":{"0":"post-12194","1":"product","2":"type-product","3":"status-publish","4":"has-post-thumbnail","6":"product_cat-kromatografi","7":"product_cat-siseler","8":"product_cat-vial-ve-kapaklar","10":"first","11":"instock","12":"shipping-taxable","13":"product-type-simple"},"_links":{"self":[{"href":"https:\/\/develop.eam-scientific.com\/tr\/wp-json\/wp\/v2\/product\/12194","targetHints":{"allow":["GET"]}}],"collection":[{"href":"https:\/\/develop.eam-scientific.com\/tr\/wp-json\/wp\/v2\/product"}],"about":[{"href":"https:\/\/develop.eam-scientific.com\/tr\/wp-json\/wp\/v2\/types\/product"}],"replies":[{"embeddable":true,"href":"https:\/\/develop.eam-scientific.com\/tr\/wp-json\/wp\/v2\/comments?post=12194"}],"wp:featuredmedia":[{"embeddable":true,"href":"https:\/\/develop.eam-scientific.com\/tr\/wp-json\/wp\/v2\/media\/8846"}],"wp:attachment":[{"href":"https:\/\/develop.eam-scientific.com\/tr\/wp-json\/wp\/v2\/media?parent=12194"}],"wp:term":[{"taxonomy":"product_cat","embeddable":true,"href":"https:\/\/develop.eam-scientific.com\/tr\/wp-json\/wp\/v2\/product_cat?post=12194"},{"taxonomy":"product_tag","embeddable":true,"href":"https:\/\/develop.eam-scientific.com\/tr\/wp-json\/wp\/v2\/product_tag?post=12194"}],"curies":[{"name":"wp","href":"https:\/\/api.w.org\/{rel}","templated":true}]}}