{"id":12196,"date":"2024-06-20T15:04:05","date_gmt":"2024-06-20T13:04:05","guid":{"rendered":"http:\/\/develop.eam-scientific.com\/produkt\/haddelenmis-agizli-sise-n-11-116x320-mm-15-ml-etiketleme-alani-duez-taban-seffaf\/"},"modified":"2024-06-20T15:04:05","modified_gmt":"2024-06-20T13:04:05","slug":"haddelenmis-agizli-sise-n-11-116x320-mm-15-ml-etiketleme-alani-duez-taban-seffaf","status":"publish","type":"product","link":"https:\/\/develop.eam-scientific.com\/tr\/produkt\/haddelenmis-agizli-sise-n-11-116x320-mm-15-ml-etiketleme-alani-duez-taban-seffaf\/","title":{"rendered":"Haddelenmi\u015f a\u011f\u0131zl\u0131 \u015fi\u015fe, N 11, 11,6&#215;32,0 mm, 1,5 mL, etiketleme alan\u0131, d\u00fcz taban, \u015feffaf"},"content":{"rendered":"<p>Geni\u015f a\u00e7\u0131kl\u0131kl\u0131 standart cam \u015fi\u015feler 6 mm \u00e7ap\u0131nda mikro insert gerektirir. Se\u00e7ti\u011finiz bir kapakla, N 11 haddelenmi\u015f a\u011f\u0131zl\u0131 \u015fi\u015feler \u00f6nceden kapat\u0131lm\u0131\u015f \u015fi\u015fe\/kapak kombinasyonu olarak da tedarik edilebilir. Her \u015fi\u015fe t\u00fcr\u00fc i\u00e7in CoC (Uygunluk Sertifikas\u0131) talep edilebilir.<\/p>\n","protected":false},"excerpt":{"rendered":"<p>Geni\u015f a\u00e7\u0131kl\u0131kl\u0131 standart cam \u015fi\u015feler 6 mm \u00e7ap\u0131nda mikro insert gerektirir. Se\u00e7ti\u011finiz bir kapakla, N 11 haddelenmi\u015f a\u011f\u0131zl\u0131 \u015fi\u015feler \u00f6nceden kapat\u0131lm\u0131\u015f \u015fi\u015fe\/kapak kombinasyonu olarak da tedarik edilebilir. Her \u015fi\u015fe t\u00fcr\u00fc i\u00e7in CoC (Uygunluk Sertifikas\u0131) talep edilebilir.<\/p>\n","protected":false},"featured_media":8840,"comment_status":"open","ping_status":"closed","template":"","meta":[],"product_cat":[67,99,92],"product_tag":[],"class_list":{"0":"post-12196","1":"product","2":"type-product","3":"status-publish","4":"has-post-thumbnail","6":"product_cat-kromatografi","7":"product_cat-siseler","8":"product_cat-vial-ve-kapaklar","10":"first","11":"instock","12":"shipping-taxable","13":"product-type-simple"},"_links":{"self":[{"href":"https:\/\/develop.eam-scientific.com\/tr\/wp-json\/wp\/v2\/product\/12196","targetHints":{"allow":["GET"]}}],"collection":[{"href":"https:\/\/develop.eam-scientific.com\/tr\/wp-json\/wp\/v2\/product"}],"about":[{"href":"https:\/\/develop.eam-scientific.com\/tr\/wp-json\/wp\/v2\/types\/product"}],"replies":[{"embeddable":true,"href":"https:\/\/develop.eam-scientific.com\/tr\/wp-json\/wp\/v2\/comments?post=12196"}],"wp:featuredmedia":[{"embeddable":true,"href":"https:\/\/develop.eam-scientific.com\/tr\/wp-json\/wp\/v2\/media\/8840"}],"wp:attachment":[{"href":"https:\/\/develop.eam-scientific.com\/tr\/wp-json\/wp\/v2\/media?parent=12196"}],"wp:term":[{"taxonomy":"product_cat","embeddable":true,"href":"https:\/\/develop.eam-scientific.com\/tr\/wp-json\/wp\/v2\/product_cat?post=12196"},{"taxonomy":"product_tag","embeddable":true,"href":"https:\/\/develop.eam-scientific.com\/tr\/wp-json\/wp\/v2\/product_tag?post=12196"}],"curies":[{"name":"wp","href":"https:\/\/api.w.org\/{rel}","templated":true}]}}