{"id":12197,"date":"2024-06-20T15:04:04","date_gmt":"2024-06-20T13:04:04","guid":{"rendered":"http:\/\/develop.eam-scientific.com\/produkt\/duez-tabanli-cam-n-8-82x400-mm-10-ml-duez-tabanli-seffaf\/"},"modified":"2024-06-20T15:04:04","modified_gmt":"2024-06-20T13:04:04","slug":"duez-tabanli-cam-n-8-82x400-mm-10-ml-duez-tabanli-seffaf","status":"publish","type":"product","link":"https:\/\/develop.eam-scientific.com\/tr\/produkt\/duez-tabanli-cam-n-8-82x400-mm-10-ml-duez-tabanli-seffaf\/","title":{"rendered":"D\u00fcz tabanl\u0131 cam, N 8, 8,2&#215;40,0 mm, 1,0 mL, d\u00fcz tabanl\u0131, \u015feffaf"},"content":{"rendered":"<p>D\u00fcz tabanl\u0131 kavanozlar ve PE t\u0131palar, \u015fi\u015fe ve kapa\u011f\u0131n kolay ve h\u0131zl\u0131 bir kombinasyonudur. D\u00fcz tabanl\u0131 t\u00fcpler erimi\u015f bir kenara sahiptir ve kritik olmayan HPLC analizleri i\u00e7in kullan\u0131l\u0131r. Tapalarda elastomer s\u0131zd\u0131rmazl\u0131k eleman\u0131 bulunmad\u0131\u011f\u0131ndan yaln\u0131zca d\u00fc\u015f\u00fck s\u0131zd\u0131rmazl\u0131k gereksinimleri i\u00e7in uygundur. PE tapalar, i\u011fnenin g\u00fcvenli bir \u015fekilde n\u00fcfuz etmesi i\u00e7in bir diyaframa sahiptir.<\/p>\n","protected":false},"excerpt":{"rendered":"<p>D\u00fcz tabanl\u0131 kavanozlar ve PE t\u0131palar, \u015fi\u015fe ve kapa\u011f\u0131n kolay ve h\u0131zl\u0131 bir kombinasyonudur. D\u00fcz tabanl\u0131 t\u00fcpler erimi\u015f bir kenara sahiptir ve kritik olmayan HPLC analizleri i\u00e7in kullan\u0131l\u0131r. Tapalarda elastomer s\u0131zd\u0131rmazl\u0131k eleman\u0131 bulunmad\u0131\u011f\u0131ndan yaln\u0131zca d\u00fc\u015f\u00fck s\u0131zd\u0131rmazl\u0131k gereksinimleri i\u00e7in uygundur. PE tapalar, i\u011fnenin g\u00fcvenli bir \u015fekilde n\u00fcfuz etmesi i\u00e7in bir diyaframa sahiptir.<\/p>\n","protected":false},"featured_media":8834,"comment_status":"open","ping_status":"closed","template":"","meta":[],"product_cat":[67,99,92],"product_tag":[],"class_list":{"0":"post-12197","1":"product","2":"type-product","3":"status-publish","4":"has-post-thumbnail","6":"product_cat-kromatografi","7":"product_cat-siseler","8":"product_cat-vial-ve-kapaklar","10":"first","11":"instock","12":"shipping-taxable","13":"product-type-simple"},"_links":{"self":[{"href":"https:\/\/develop.eam-scientific.com\/tr\/wp-json\/wp\/v2\/product\/12197","targetHints":{"allow":["GET"]}}],"collection":[{"href":"https:\/\/develop.eam-scientific.com\/tr\/wp-json\/wp\/v2\/product"}],"about":[{"href":"https:\/\/develop.eam-scientific.com\/tr\/wp-json\/wp\/v2\/types\/product"}],"replies":[{"embeddable":true,"href":"https:\/\/develop.eam-scientific.com\/tr\/wp-json\/wp\/v2\/comments?post=12197"}],"wp:featuredmedia":[{"embeddable":true,"href":"https:\/\/develop.eam-scientific.com\/tr\/wp-json\/wp\/v2\/media\/8834"}],"wp:attachment":[{"href":"https:\/\/develop.eam-scientific.com\/tr\/wp-json\/wp\/v2\/media?parent=12197"}],"wp:term":[{"taxonomy":"product_cat","embeddable":true,"href":"https:\/\/develop.eam-scientific.com\/tr\/wp-json\/wp\/v2\/product_cat?post=12197"},{"taxonomy":"product_tag","embeddable":true,"href":"https:\/\/develop.eam-scientific.com\/tr\/wp-json\/wp\/v2\/product_tag?post=12197"}],"curies":[{"name":"wp","href":"https:\/\/api.w.org\/{rel}","templated":true}]}}