{"id":12201,"date":"2024-06-20T15:04:04","date_gmt":"2024-06-20T13:04:04","guid":{"rendered":"http:\/\/develop.eam-scientific.com\/produkt\/disli-sise-n-9-116x320-mm-03-ml-ic-koni-pp-tr\/"},"modified":"2024-06-20T15:04:04","modified_gmt":"2024-06-20T13:04:04","slug":"disli-sise-n-9-116x320-mm-03-ml-ic-koni-pp-tr","status":"publish","type":"product","link":"https:\/\/develop.eam-scientific.com\/tr\/produkt\/disli-sise-n-9-116x320-mm-03-ml-ic-koni-pp-tr\/","title":{"rendered":"Di\u015fli \u015fi\u015fe, N 9, 11,6&#215;32,0 mm, 0,3 mL, i\u00e7 koni, PP tr."},"content":{"rendered":"<p>Plastik \u015fi\u015feler IC&#8217;de, a\u011f\u0131r metal analizi i\u00e7in, polar (\u00f6rn. proteinler) veya pH&#8217;a duyarl\u0131 numuneler ve AAS, CE uygulamalar\u0131 i\u00e7in kullan\u0131l\u0131r. PFAS analizi i\u00e7in kapak 702402 ile birlikte \u00f6nerilir.<\/p>\n","protected":false},"excerpt":{"rendered":"<p>Plastik \u015fi\u015feler IC&#8217;de, a\u011f\u0131r metal analizi i\u00e7in, polar (\u00f6rn. proteinler) veya pH&#8217;a duyarl\u0131 numuneler ve AAS, CE uygulamalar\u0131 i\u00e7in kullan\u0131l\u0131r. PFAS analizi i\u00e7in kapak 702402 ile birlikte \u00f6nerilir.<\/p>\n","protected":false},"featured_media":8832,"comment_status":"open","ping_status":"closed","template":"","meta":[],"product_cat":[67,99,92],"product_tag":[],"class_list":{"0":"post-12201","1":"product","2":"type-product","3":"status-publish","4":"has-post-thumbnail","6":"product_cat-kromatografi","7":"product_cat-siseler","8":"product_cat-vial-ve-kapaklar","10":"first","11":"instock","12":"shipping-taxable","13":"product-type-simple"},"_links":{"self":[{"href":"https:\/\/develop.eam-scientific.com\/tr\/wp-json\/wp\/v2\/product\/12201","targetHints":{"allow":["GET"]}}],"collection":[{"href":"https:\/\/develop.eam-scientific.com\/tr\/wp-json\/wp\/v2\/product"}],"about":[{"href":"https:\/\/develop.eam-scientific.com\/tr\/wp-json\/wp\/v2\/types\/product"}],"replies":[{"embeddable":true,"href":"https:\/\/develop.eam-scientific.com\/tr\/wp-json\/wp\/v2\/comments?post=12201"}],"wp:featuredmedia":[{"embeddable":true,"href":"https:\/\/develop.eam-scientific.com\/tr\/wp-json\/wp\/v2\/media\/8832"}],"wp:attachment":[{"href":"https:\/\/develop.eam-scientific.com\/tr\/wp-json\/wp\/v2\/media?parent=12201"}],"wp:term":[{"taxonomy":"product_cat","embeddable":true,"href":"https:\/\/develop.eam-scientific.com\/tr\/wp-json\/wp\/v2\/product_cat?post=12201"},{"taxonomy":"product_tag","embeddable":true,"href":"https:\/\/develop.eam-scientific.com\/tr\/wp-json\/wp\/v2\/product_tag?post=12201"}],"curies":[{"name":"wp","href":"https:\/\/api.w.org\/{rel}","templated":true}]}}