{"id":12205,"date":"2024-06-20T15:04:04","date_gmt":"2024-06-20T13:04:04","guid":{"rendered":"http:\/\/develop.eam-scientific.com\/produkt\/rulo-agizli-sise-n-20-225x755-mm-200-ml-f-taban-duez-rr-seffaf\/"},"modified":"2024-06-20T15:04:04","modified_gmt":"2024-06-20T13:04:04","slug":"rulo-agizli-sise-n-20-225x755-mm-200-ml-f-taban-duez-rr-seffaf","status":"publish","type":"product","link":"https:\/\/develop.eam-scientific.com\/tr\/produkt\/rulo-agizli-sise-n-20-225x755-mm-200-ml-f-taban-duez-rr-seffaf\/","title":{"rendered":"Rulo a\u011f\u0131zl\u0131 \u015fi\u015fe, N 20, 22,5&#215;75,5 mm, 20,0 mL, f. taban, d\u00fcz RR, \u015feffaf"},"content":{"rendered":"<p>\u015ei\u015fe \u00e7o\u011funlukla Agilent ve DANI otomatik \u00f6rnekleyicilerinde kullan\u0131l\u0131r. D\u00fcz taban g\u00fcvenli bir duru\u015f sa\u011flar.<\/p>\n","protected":false},"excerpt":{"rendered":"<p>\u015ei\u015fe \u00e7o\u011funlukla Agilent ve DANI otomatik \u00f6rnekleyicilerinde kullan\u0131l\u0131r. D\u00fcz taban g\u00fcvenli bir duru\u015f sa\u011flar.<\/p>\n","protected":false},"featured_media":8830,"comment_status":"open","ping_status":"closed","template":"","meta":[],"product_cat":[67,99,92],"product_tag":[],"class_list":{"0":"post-12205","1":"product","2":"type-product","3":"status-publish","4":"has-post-thumbnail","6":"product_cat-kromatografi","7":"product_cat-siseler","8":"product_cat-vial-ve-kapaklar","10":"first","11":"instock","12":"shipping-taxable","13":"product-type-simple"},"_links":{"self":[{"href":"https:\/\/develop.eam-scientific.com\/tr\/wp-json\/wp\/v2\/product\/12205","targetHints":{"allow":["GET"]}}],"collection":[{"href":"https:\/\/develop.eam-scientific.com\/tr\/wp-json\/wp\/v2\/product"}],"about":[{"href":"https:\/\/develop.eam-scientific.com\/tr\/wp-json\/wp\/v2\/types\/product"}],"replies":[{"embeddable":true,"href":"https:\/\/develop.eam-scientific.com\/tr\/wp-json\/wp\/v2\/comments?post=12205"}],"wp:featuredmedia":[{"embeddable":true,"href":"https:\/\/develop.eam-scientific.com\/tr\/wp-json\/wp\/v2\/media\/8830"}],"wp:attachment":[{"href":"https:\/\/develop.eam-scientific.com\/tr\/wp-json\/wp\/v2\/media?parent=12205"}],"wp:term":[{"taxonomy":"product_cat","embeddable":true,"href":"https:\/\/develop.eam-scientific.com\/tr\/wp-json\/wp\/v2\/product_cat?post=12205"},{"taxonomy":"product_tag","embeddable":true,"href":"https:\/\/develop.eam-scientific.com\/tr\/wp-json\/wp\/v2\/product_tag?post=12205"}],"curies":[{"name":"wp","href":"https:\/\/api.w.org\/{rel}","templated":true}]}}