{"id":12212,"date":"2024-06-20T15:04:04","date_gmt":"2024-06-20T13:04:04","guid":{"rendered":"http:\/\/develop.eam-scientific.com\/produkt\/disli-sise-n-9-116x320-mm-15-ml-duez-dipli-pp-tr\/"},"modified":"2024-06-20T15:04:04","modified_gmt":"2024-06-20T13:04:04","slug":"disli-sise-n-9-116x320-mm-15-ml-duez-dipli-pp-tr","status":"publish","type":"product","link":"https:\/\/develop.eam-scientific.com\/tr\/produkt\/disli-sise-n-9-116x320-mm-15-ml-duez-dipli-pp-tr\/","title":{"rendered":"Di\u015fli \u015fi\u015fe, N 9, 11,6&#215;32,0 mm, 1,5 mL, d\u00fcz dipli, PP tr."},"content":{"rendered":"<p>Plastik \u015fi\u015feler IC&#8217;de, a\u011f\u0131r metal analizi i\u00e7in, polar (\u00f6rn. proteinler) veya pH&#8217;a duyarl\u0131 numuneler i\u00e7in ve AAS, CE uygulamalar\u0131 i\u00e7in kullan\u0131l\u0131r. PFAS analizi i\u00e7in kapak 702402 ile birlikte \u00f6nerilir. Ayr\u0131ca, pestisit kal\u0131nt\u0131lar\u0131n\u0131 analiz ederken plastik \u015fi\u015felerin kullan\u0131lmas\u0131 \u015fiddetle tavsiye edilir, \u00e7\u00fcnk\u00fc bu bile\u015fiklerden baz\u0131lar\u0131 (\u00f6rne\u011fin fosfonat, nikotin, paraquat, diquat, streptomisin ve glifosat) cam y\u00fczeylerle etkile\u015fime girme e\u011filimindedir. Cam y\u00fczeylerle bu t\u00fcr etkile\u015fimler tipik olarak aprotik \u00e7\u00f6z\u00fcc\u00fclerden (\u00f6rn. asetonitril) olu\u015fan \u00e7\u00f6zeltilerde daha belirgindir. Su i\u00e7eri\u011finin ve\/veya asitli\u011fin art\u0131r\u0131lmas\u0131 tipik olarak bu t\u00fcr etkile\u015fimleri azalt\u0131r. Bu t\u00fcr etkile\u015fimlerden kaynaklanan y\u00fczde kay\u0131plar\u0131 d\u00fc\u015f\u00fck konsantrasyonlarda tipik olarak daha y\u00fcksektir.<\/p>\n","protected":false},"excerpt":{"rendered":"<p>Plastik \u015fi\u015feler IC&#8217;de, a\u011f\u0131r metal analizi i\u00e7in, polar (\u00f6rn. proteinler) veya pH&#8217;a duyarl\u0131 numuneler i\u00e7in ve AAS, CE uygulamalar\u0131 i\u00e7in kullan\u0131l\u0131r. PFAS analizi i\u00e7in kapak 702402 ile birlikte \u00f6nerilir. Ayr\u0131ca, pestisit kal\u0131nt\u0131lar\u0131n\u0131 analiz ederken plastik \u015fi\u015felerin kullan\u0131lmas\u0131 \u015fiddetle tavsiye edilir, \u00e7\u00fcnk\u00fc bu bile\u015fiklerden baz\u0131lar\u0131 (\u00f6rne\u011fin fosfonat, nikotin, paraquat, diquat, streptomisin ve glifosat) cam y\u00fczeylerle etkile\u015fime [&hellip;]<\/p>\n","protected":false},"featured_media":8822,"comment_status":"open","ping_status":"closed","template":"","meta":[],"product_cat":[67,99,92],"product_tag":[],"class_list":{"0":"post-12212","1":"product","2":"type-product","3":"status-publish","4":"has-post-thumbnail","6":"product_cat-kromatografi","7":"product_cat-siseler","8":"product_cat-vial-ve-kapaklar","10":"first","11":"instock","12":"shipping-taxable","13":"product-type-simple"},"_links":{"self":[{"href":"https:\/\/develop.eam-scientific.com\/tr\/wp-json\/wp\/v2\/product\/12212","targetHints":{"allow":["GET"]}}],"collection":[{"href":"https:\/\/develop.eam-scientific.com\/tr\/wp-json\/wp\/v2\/product"}],"about":[{"href":"https:\/\/develop.eam-scientific.com\/tr\/wp-json\/wp\/v2\/types\/product"}],"replies":[{"embeddable":true,"href":"https:\/\/develop.eam-scientific.com\/tr\/wp-json\/wp\/v2\/comments?post=12212"}],"wp:featuredmedia":[{"embeddable":true,"href":"https:\/\/develop.eam-scientific.com\/tr\/wp-json\/wp\/v2\/media\/8822"}],"wp:attachment":[{"href":"https:\/\/develop.eam-scientific.com\/tr\/wp-json\/wp\/v2\/media?parent=12212"}],"wp:term":[{"taxonomy":"product_cat","embeddable":true,"href":"https:\/\/develop.eam-scientific.com\/tr\/wp-json\/wp\/v2\/product_cat?post=12212"},{"taxonomy":"product_tag","embeddable":true,"href":"https:\/\/develop.eam-scientific.com\/tr\/wp-json\/wp\/v2\/product_tag?post=12212"}],"curies":[{"name":"wp","href":"https:\/\/api.w.org\/{rel}","templated":true}]}}