{"id":12219,"date":"2024-06-20T15:04:04","date_gmt":"2024-06-20T13:04:04","guid":{"rendered":"http:\/\/develop.eam-scientific.com\/produkt\/yuvarlatilmis-agizli-sise-n-20-225x460-mm-100-ml-yuvarlatilmis-taban-duez-rr-seffaf\/"},"modified":"2024-06-20T15:04:04","modified_gmt":"2024-06-20T13:04:04","slug":"yuvarlatilmis-agizli-sise-n-20-225x460-mm-100-ml-yuvarlatilmis-taban-duez-rr-seffaf","status":"publish","type":"product","link":"https:\/\/develop.eam-scientific.com\/tr\/produkt\/yuvarlatilmis-agizli-sise-n-20-225x460-mm-100-ml-yuvarlatilmis-taban-duez-rr-seffaf\/","title":{"rendered":"yuvarlat\u0131lm\u0131\u015f a\u011f\u0131zl\u0131 \u015fi\u015fe, N 20, 22,5&#215;46,0 mm, 10,0 mL, yuvarlat\u0131lm\u0131\u015f taban, d\u00fcz RR, \u015feffaf"},"content":{"rendered":"<p>Manyetik ta\u015f\u0131ma sistemine sahip otomatik \u00f6rnekleyicilerde ana uygulama, \u00f6rne\u011fin CTC Combi PAL, Shimadzu, Gerstel ve benzeri otomatik \u00f6rnekleyiciler.<\/p>\n","protected":false},"excerpt":{"rendered":"<p>Manyetik ta\u015f\u0131ma sistemine sahip otomatik \u00f6rnekleyicilerde ana uygulama, \u00f6rne\u011fin CTC Combi PAL, Shimadzu, Gerstel ve benzeri otomatik \u00f6rnekleyiciler.<\/p>\n","protected":false},"featured_media":8818,"comment_status":"open","ping_status":"closed","template":"","meta":[],"product_cat":[67,99,92],"product_tag":[],"class_list":{"0":"post-12219","1":"product","2":"type-product","3":"status-publish","4":"has-post-thumbnail","6":"product_cat-kromatografi","7":"product_cat-siseler","8":"product_cat-vial-ve-kapaklar","10":"first","11":"instock","12":"shipping-taxable","13":"product-type-simple"},"_links":{"self":[{"href":"https:\/\/develop.eam-scientific.com\/tr\/wp-json\/wp\/v2\/product\/12219","targetHints":{"allow":["GET"]}}],"collection":[{"href":"https:\/\/develop.eam-scientific.com\/tr\/wp-json\/wp\/v2\/product"}],"about":[{"href":"https:\/\/develop.eam-scientific.com\/tr\/wp-json\/wp\/v2\/types\/product"}],"replies":[{"embeddable":true,"href":"https:\/\/develop.eam-scientific.com\/tr\/wp-json\/wp\/v2\/comments?post=12219"}],"wp:featuredmedia":[{"embeddable":true,"href":"https:\/\/develop.eam-scientific.com\/tr\/wp-json\/wp\/v2\/media\/8818"}],"wp:attachment":[{"href":"https:\/\/develop.eam-scientific.com\/tr\/wp-json\/wp\/v2\/media?parent=12219"}],"wp:term":[{"taxonomy":"product_cat","embeddable":true,"href":"https:\/\/develop.eam-scientific.com\/tr\/wp-json\/wp\/v2\/product_cat?post=12219"},{"taxonomy":"product_tag","embeddable":true,"href":"https:\/\/develop.eam-scientific.com\/tr\/wp-json\/wp\/v2\/product_tag?post=12219"}],"curies":[{"name":"wp","href":"https:\/\/api.w.org\/{rel}","templated":true}]}}