{"id":12222,"date":"2024-06-20T15:04:04","date_gmt":"2024-06-20T13:04:04","guid":{"rendered":"http:\/\/develop.eam-scientific.com\/produkt\/haddelenmis-agizli-sise-n-20-23x755-mm-20-ml-yazi-duez-taban-kesilmis-rr-seffaf-taban-kesilmis-rr-seffaf\/"},"modified":"2024-06-20T15:04:04","modified_gmt":"2024-06-20T13:04:04","slug":"haddelenmis-agizli-sise-n-20-23x755-mm-20-ml-yazi-duez-taban-kesilmis-rr-seffaf-taban-kesilmis-rr-seffaf","status":"publish","type":"product","link":"https:\/\/develop.eam-scientific.com\/tr\/produkt\/haddelenmis-agizli-sise-n-20-23x755-mm-20-ml-yazi-duez-taban-kesilmis-rr-seffaf-taban-kesilmis-rr-seffaf\/","title":{"rendered":"haddelenmi\u015f a\u011f\u0131zl\u0131 \u015fi\u015fe, N 20, 23&#215;75,5 mm, 20 mL, yaz\u0131, d\u00fcz taban, kesilmi\u015f RR, \u015feffaf. taban, kesilmi\u015f RR, \u015feffaf"},"content":{"rendered":"<p>Yuvarlat\u0131lm\u0131\u015f taban\u0131, e\u011fimli haddelenmi\u015f kenar\u0131 ve 23 mm \u00e7ap\u0131yla \u015fi\u015fe, \u00e7o\u011funlukla PerkinElmer otomatik \u00f6rnekleyicilerde kullan\u0131l\u0131r.<\/p>\n","protected":false},"excerpt":{"rendered":"<p>Yuvarlat\u0131lm\u0131\u015f taban\u0131, e\u011fimli haddelenmi\u015f kenar\u0131 ve 23 mm \u00e7ap\u0131yla \u015fi\u015fe, \u00e7o\u011funlukla PerkinElmer otomatik \u00f6rnekleyicilerde kullan\u0131l\u0131r.<\/p>\n","protected":false},"featured_media":8812,"comment_status":"open","ping_status":"closed","template":"","meta":[],"product_cat":[67,99,92],"product_tag":[],"class_list":{"0":"post-12222","1":"product","2":"type-product","3":"status-publish","4":"has-post-thumbnail","6":"product_cat-kromatografi","7":"product_cat-siseler","8":"product_cat-vial-ve-kapaklar","10":"first","11":"instock","12":"shipping-taxable","13":"product-type-simple"},"_links":{"self":[{"href":"https:\/\/develop.eam-scientific.com\/tr\/wp-json\/wp\/v2\/product\/12222","targetHints":{"allow":["GET"]}}],"collection":[{"href":"https:\/\/develop.eam-scientific.com\/tr\/wp-json\/wp\/v2\/product"}],"about":[{"href":"https:\/\/develop.eam-scientific.com\/tr\/wp-json\/wp\/v2\/types\/product"}],"replies":[{"embeddable":true,"href":"https:\/\/develop.eam-scientific.com\/tr\/wp-json\/wp\/v2\/comments?post=12222"}],"wp:featuredmedia":[{"embeddable":true,"href":"https:\/\/develop.eam-scientific.com\/tr\/wp-json\/wp\/v2\/media\/8812"}],"wp:attachment":[{"href":"https:\/\/develop.eam-scientific.com\/tr\/wp-json\/wp\/v2\/media?parent=12222"}],"wp:term":[{"taxonomy":"product_cat","embeddable":true,"href":"https:\/\/develop.eam-scientific.com\/tr\/wp-json\/wp\/v2\/product_cat?post=12222"},{"taxonomy":"product_tag","embeddable":true,"href":"https:\/\/develop.eam-scientific.com\/tr\/wp-json\/wp\/v2\/product_tag?post=12222"}],"curies":[{"name":"wp","href":"https:\/\/api.w.org\/{rel}","templated":true}]}}