{"id":12236,"date":"2024-06-20T15:03:47","date_gmt":"2024-06-20T13:03:47","guid":{"rendered":"http:\/\/develop.eam-scientific.com\/produkt\/disli-sise-n-8-116x320-mm-15-ml-duez-taban-kahverengi\/"},"modified":"2024-06-28T10:14:19","modified_gmt":"2024-06-28T08:14:19","slug":"disli-sise-n-8-116x320-mm-15-ml-duez-taban-kahverengi","status":"publish","type":"product","link":"https:\/\/develop.eam-scientific.com\/tr\/produkt\/disli-sise-n-8-116x320-mm-15-ml-duez-taban-kahverengi\/","title":{"rendered":"Di\u015fli \u015fi\u015fe, N 8, 11,6&#215;32,0 mm, 1,5 mL, d\u00fcz taban, \u015feffaf"},"content":{"rendered":"<p>Dar a\u00e7\u0131kl\u0131kl\u0131 N 8 di\u015fli \u015fi\u015feler, 8-425 di\u015fli. Farkl\u0131 septum malzemelerine sahip \u00e7e\u015fitli 5 mm u\u00e7lar ve ba\u011flant\u0131 elemanlar\u0131 mevcuttur.<\/p>\n","protected":false},"excerpt":{"rendered":"<p>Dar a\u00e7\u0131kl\u0131kl\u0131 N 8 di\u015fli \u015fi\u015feler, 8-425 di\u015fli. Farkl\u0131 septum malzemelerine sahip \u00e7e\u015fitli 5 mm u\u00e7lar ve ba\u011flant\u0131 elemanlar\u0131 mevcuttur.<\/p>\n","protected":false},"featured_media":15695,"comment_status":"open","ping_status":"closed","template":"","meta":[],"product_cat":[67,99,92],"product_tag":[],"class_list":{"0":"post-12236","1":"product","2":"type-product","3":"status-publish","4":"has-post-thumbnail","6":"product_cat-kromatografi","7":"product_cat-siseler","8":"product_cat-vial-ve-kapaklar","10":"first","11":"instock","12":"shipping-taxable","13":"product-type-simple"},"_links":{"self":[{"href":"https:\/\/develop.eam-scientific.com\/tr\/wp-json\/wp\/v2\/product\/12236","targetHints":{"allow":["GET"]}}],"collection":[{"href":"https:\/\/develop.eam-scientific.com\/tr\/wp-json\/wp\/v2\/product"}],"about":[{"href":"https:\/\/develop.eam-scientific.com\/tr\/wp-json\/wp\/v2\/types\/product"}],"replies":[{"embeddable":true,"href":"https:\/\/develop.eam-scientific.com\/tr\/wp-json\/wp\/v2\/comments?post=12236"}],"wp:featuredmedia":[{"embeddable":true,"href":"https:\/\/develop.eam-scientific.com\/tr\/wp-json\/wp\/v2\/media\/15695"}],"wp:attachment":[{"href":"https:\/\/develop.eam-scientific.com\/tr\/wp-json\/wp\/v2\/media?parent=12236"}],"wp:term":[{"taxonomy":"product_cat","embeddable":true,"href":"https:\/\/develop.eam-scientific.com\/tr\/wp-json\/wp\/v2\/product_cat?post=12236"},{"taxonomy":"product_tag","embeddable":true,"href":"https:\/\/develop.eam-scientific.com\/tr\/wp-json\/wp\/v2\/product_tag?post=12236"}],"curies":[{"name":"wp","href":"https:\/\/api.w.org\/{rel}","templated":true}]}}