{"id":12238,"date":"2024-06-20T15:03:47","date_gmt":"2024-06-20T13:03:47","guid":{"rendered":"http:\/\/develop.eam-scientific.com\/produkt\/citcitli-halka-rulo-agizli-sise-n-11-116x320-mm-15-ml-yazi-tipi-fl-taban-seffaf\/"},"modified":"2024-06-20T15:03:47","modified_gmt":"2024-06-20T13:03:47","slug":"citcitli-halka-rulo-agizli-sise-n-11-116x320-mm-15-ml-yazi-tipi-fl-taban-seffaf","status":"publish","type":"product","link":"https:\/\/develop.eam-scientific.com\/tr\/produkt\/citcitli-halka-rulo-agizli-sise-n-11-116x320-mm-15-ml-yazi-tipi-fl-taban-seffaf\/","title":{"rendered":"\u00c7\u0131t\u00e7\u0131tl\u0131 halka\/rulo a\u011f\u0131zl\u0131 \u015fi\u015fe, N 11, 11,6&#215;32,0 mm, 1,5 mL, yaz\u0131 tipi, fl. taban, \u015feffaf"},"content":{"rendered":"<p>\u00c7\u0131t\u00e7\u0131tl\u0131 halka\/rulo a\u011f\u0131zl\u0131 \u015fi\u015feler N 11, \u00e7\u0131t\u00e7\u0131tl\u0131 halka kapama N 11 veya k\u0131vr\u0131ml\u0131 kapama N 11 ile kapat\u0131labilir. &nbsp;Sert veya yumu\u015fak ge\u00e7meli halkal\u0131 kapaklarla birlikte ge\u00e7meli halkal\u0131 flakonlar h\u0131zl\u0131 ve kullan\u0131\u015fl\u0131 bir kapatma y\u00f6ntemi sunar, ancak yaln\u0131zca HPLC&#8217;de kullan\u0131lmal\u0131d\u0131r. &nbsp;Ge\u00e7meli halka \u015fi\u015feler, robotik i\u015fleme sahip olanlar da dahil olmak \u00fczere neredeyse t\u00fcm otomatik \u00f6rnekleyicilerle uyumludur. N 11 ge\u00e7meli halka \u015fi\u015feler, se\u00e7ti\u011finiz bir kapa\u011fa sahip bir \u015fi\u015fe kiti olarak da tedarik edilebilir.<\/p>\n","protected":false},"excerpt":{"rendered":"<p>\u00c7\u0131t\u00e7\u0131tl\u0131 halka\/rulo a\u011f\u0131zl\u0131 \u015fi\u015feler N 11, \u00e7\u0131t\u00e7\u0131tl\u0131 halka kapama N 11 veya k\u0131vr\u0131ml\u0131 kapama N 11 ile kapat\u0131labilir. &nbsp;Sert veya yumu\u015fak ge\u00e7meli halkal\u0131 kapaklarla birlikte ge\u00e7meli halkal\u0131 flakonlar h\u0131zl\u0131 ve kullan\u0131\u015fl\u0131 bir kapatma y\u00f6ntemi sunar, ancak yaln\u0131zca HPLC&#8217;de kullan\u0131lmal\u0131d\u0131r. &nbsp;Ge\u00e7meli halka \u015fi\u015feler, robotik i\u015fleme sahip olanlar da dahil olmak \u00fczere neredeyse t\u00fcm otomatik \u00f6rnekleyicilerle uyumludur. [&hellip;]<\/p>\n","protected":false},"featured_media":8794,"comment_status":"open","ping_status":"closed","template":"","meta":[],"product_cat":[67,99,92],"product_tag":[],"class_list":{"0":"post-12238","1":"product","2":"type-product","3":"status-publish","4":"has-post-thumbnail","6":"product_cat-kromatografi","7":"product_cat-siseler","8":"product_cat-vial-ve-kapaklar","10":"first","11":"instock","12":"shipping-taxable","13":"product-type-simple"},"_links":{"self":[{"href":"https:\/\/develop.eam-scientific.com\/tr\/wp-json\/wp\/v2\/product\/12238","targetHints":{"allow":["GET"]}}],"collection":[{"href":"https:\/\/develop.eam-scientific.com\/tr\/wp-json\/wp\/v2\/product"}],"about":[{"href":"https:\/\/develop.eam-scientific.com\/tr\/wp-json\/wp\/v2\/types\/product"}],"replies":[{"embeddable":true,"href":"https:\/\/develop.eam-scientific.com\/tr\/wp-json\/wp\/v2\/comments?post=12238"}],"wp:featuredmedia":[{"embeddable":true,"href":"https:\/\/develop.eam-scientific.com\/tr\/wp-json\/wp\/v2\/media\/8794"}],"wp:attachment":[{"href":"https:\/\/develop.eam-scientific.com\/tr\/wp-json\/wp\/v2\/media?parent=12238"}],"wp:term":[{"taxonomy":"product_cat","embeddable":true,"href":"https:\/\/develop.eam-scientific.com\/tr\/wp-json\/wp\/v2\/product_cat?post=12238"},{"taxonomy":"product_tag","embeddable":true,"href":"https:\/\/develop.eam-scientific.com\/tr\/wp-json\/wp\/v2\/product_tag?post=12238"}],"curies":[{"name":"wp","href":"https:\/\/api.w.org\/{rel}","templated":true}]}}