{"id":12241,"date":"2024-06-20T15:03:47","date_gmt":"2024-06-20T13:03:47","guid":{"rendered":"http:\/\/develop.eam-scientific.com\/produkt\/disli-sise-n-13-1475x450-mm-40-ml-duez-taban-kahverengi\/"},"modified":"2024-06-20T15:03:47","modified_gmt":"2024-06-20T13:03:47","slug":"disli-sise-n-13-1475x450-mm-40-ml-duez-taban-kahverengi","status":"publish","type":"product","link":"https:\/\/develop.eam-scientific.com\/tr\/produkt\/disli-sise-n-13-1475x450-mm-40-ml-duez-taban-kahverengi\/","title":{"rendered":"Di\u015fli \u015fi\u015fe, N 13, 14,75&#215;45,0 mm, 4,0 mL, d\u00fcz taban, kahverengi"},"content":{"rendered":"<p>&nbsp;&nbsp;B\u00fcy\u00fck numune hacimlerini analiz etmek ve s\u0131v\u0131 numuneleri saklamak i\u00e7in di\u015fli \u015fi\u015feler N 13 (bu \u015fi\u015feleri kapal\u0131 vidal\u0131 kapakla kullan\u0131n). Laboratuvar tezgah\u0131nda g\u00fcvenli bir duru\u015f i\u00e7in ilgili \u015fi\u015fe kaplar\u0131 ve \u015fi\u015fe standlar\u0131 da mevcuttur. Her \u015fi\u015fe tipi i\u00e7in Uygunluk Sertifikalar\u0131 (CoC) talep edilebilir.<\/p>\n","protected":false},"excerpt":{"rendered":"<p>&nbsp;&nbsp;B\u00fcy\u00fck numune hacimlerini analiz etmek ve s\u0131v\u0131 numuneleri saklamak i\u00e7in di\u015fli \u015fi\u015feler N 13 (bu \u015fi\u015feleri kapal\u0131 vidal\u0131 kapakla kullan\u0131n). Laboratuvar tezgah\u0131nda g\u00fcvenli bir duru\u015f i\u00e7in ilgili \u015fi\u015fe kaplar\u0131 ve \u015fi\u015fe standlar\u0131 da mevcuttur. Her \u015fi\u015fe tipi i\u00e7in Uygunluk Sertifikalar\u0131 (CoC) talep edilebilir.<\/p>\n","protected":false},"featured_media":8792,"comment_status":"open","ping_status":"closed","template":"","meta":[],"product_cat":[67,99,92],"product_tag":[],"class_list":{"0":"post-12241","1":"product","2":"type-product","3":"status-publish","4":"has-post-thumbnail","6":"product_cat-kromatografi","7":"product_cat-siseler","8":"product_cat-vial-ve-kapaklar","10":"first","11":"instock","12":"shipping-taxable","13":"product-type-simple"},"_links":{"self":[{"href":"https:\/\/develop.eam-scientific.com\/tr\/wp-json\/wp\/v2\/product\/12241","targetHints":{"allow":["GET"]}}],"collection":[{"href":"https:\/\/develop.eam-scientific.com\/tr\/wp-json\/wp\/v2\/product"}],"about":[{"href":"https:\/\/develop.eam-scientific.com\/tr\/wp-json\/wp\/v2\/types\/product"}],"replies":[{"embeddable":true,"href":"https:\/\/develop.eam-scientific.com\/tr\/wp-json\/wp\/v2\/comments?post=12241"}],"wp:featuredmedia":[{"embeddable":true,"href":"https:\/\/develop.eam-scientific.com\/tr\/wp-json\/wp\/v2\/media\/8792"}],"wp:attachment":[{"href":"https:\/\/develop.eam-scientific.com\/tr\/wp-json\/wp\/v2\/media?parent=12241"}],"wp:term":[{"taxonomy":"product_cat","embeddable":true,"href":"https:\/\/develop.eam-scientific.com\/tr\/wp-json\/wp\/v2\/product_cat?post=12241"},{"taxonomy":"product_tag","embeddable":true,"href":"https:\/\/develop.eam-scientific.com\/tr\/wp-json\/wp\/v2\/product_tag?post=12241"}],"curies":[{"name":"wp","href":"https:\/\/api.w.org\/{rel}","templated":true}]}}