{"id":12245,"date":"2024-06-20T15:03:47","date_gmt":"2024-06-20T13:03:47","guid":{"rendered":"http:\/\/develop.eam-scientific.com\/produkt\/disli-sise-n-15-166x610-mm-80-ml-duez-dipli-seffaf\/"},"modified":"2024-06-20T15:03:47","modified_gmt":"2024-06-20T13:03:47","slug":"disli-sise-n-15-166x610-mm-80-ml-duez-dipli-seffaf","status":"publish","type":"product","link":"https:\/\/develop.eam-scientific.com\/tr\/produkt\/disli-sise-n-15-166x610-mm-80-ml-duez-dipli-seffaf\/","title":{"rendered":"Di\u015fli \u015fi\u015fe, N 15, 16,6&#215;61,0 mm, 8,0 mL, d\u00fcz dipli, \u015feffaf"},"content":{"rendered":"<p>\u00c7e\u015fitli boyutlarda s\u0131v\u0131 numuneleri saklamak i\u00e7in di\u015fli \u015fi\u015feler.<\/p>\n","protected":false},"excerpt":{"rendered":"<p>\u00c7e\u015fitli boyutlarda s\u0131v\u0131 numuneleri saklamak i\u00e7in di\u015fli \u015fi\u015feler.<\/p>\n","protected":false},"featured_media":8790,"comment_status":"open","ping_status":"closed","template":"","meta":[],"product_cat":[67,99,92],"product_tag":[],"class_list":{"0":"post-12245","1":"product","2":"type-product","3":"status-publish","4":"has-post-thumbnail","6":"product_cat-kromatografi","7":"product_cat-siseler","8":"product_cat-vial-ve-kapaklar","10":"first","11":"instock","12":"shipping-taxable","13":"product-type-simple"},"_links":{"self":[{"href":"https:\/\/develop.eam-scientific.com\/tr\/wp-json\/wp\/v2\/product\/12245","targetHints":{"allow":["GET"]}}],"collection":[{"href":"https:\/\/develop.eam-scientific.com\/tr\/wp-json\/wp\/v2\/product"}],"about":[{"href":"https:\/\/develop.eam-scientific.com\/tr\/wp-json\/wp\/v2\/types\/product"}],"replies":[{"embeddable":true,"href":"https:\/\/develop.eam-scientific.com\/tr\/wp-json\/wp\/v2\/comments?post=12245"}],"wp:featuredmedia":[{"embeddable":true,"href":"https:\/\/develop.eam-scientific.com\/tr\/wp-json\/wp\/v2\/media\/8790"}],"wp:attachment":[{"href":"https:\/\/develop.eam-scientific.com\/tr\/wp-json\/wp\/v2\/media?parent=12245"}],"wp:term":[{"taxonomy":"product_cat","embeddable":true,"href":"https:\/\/develop.eam-scientific.com\/tr\/wp-json\/wp\/v2\/product_cat?post=12245"},{"taxonomy":"product_tag","embeddable":true,"href":"https:\/\/develop.eam-scientific.com\/tr\/wp-json\/wp\/v2\/product_tag?post=12245"}],"curies":[{"name":"wp","href":"https:\/\/api.w.org\/{rel}","templated":true}]}}