{"id":12247,"date":"2024-06-20T15:03:47","date_gmt":"2024-06-20T13:03:47","guid":{"rendered":"http:\/\/develop.eam-scientific.com\/produkt\/haddelenmis-agizli-sise-n-11-116x320-mm-15-ml-dar-agizli-duez-tabanli-seffaf\/"},"modified":"2024-06-28T10:14:20","modified_gmt":"2024-06-28T08:14:20","slug":"haddelenmis-agizli-sise-n-11-116x320-mm-15-ml-dar-agizli-duez-tabanli-seffaf","status":"publish","type":"product","link":"https:\/\/develop.eam-scientific.com\/tr\/produkt\/haddelenmis-agizli-sise-n-11-116x320-mm-15-ml-dar-agizli-duez-tabanli-seffaf\/","title":{"rendered":"Haddelenmi\u015f a\u011f\u0131zl\u0131 \u015fi\u015fe, N 11, 11,6&#215;32,0 mm, 1,5 mL, d\u00fcz tabanl\u0131, \u015feffaf"},"content":{"rendered":"<p>Geni\u015f a\u00e7\u0131kl\u0131kl\u0131 standart cam \u015fi\u015feler 6 mm \u00e7ap\u0131nda mikro insert gerektirir. Se\u00e7ti\u011finiz bir kapakla, N 11 haddelenmi\u015f a\u011f\u0131zl\u0131 \u015fi\u015feler \u00f6nceden kapat\u0131lm\u0131\u015f \u015fi\u015fe\/kapak kombinasyonu olarak da tedarik edilebilir. Her \u015fi\u015fe t\u00fcr\u00fc i\u00e7in CoC (Uygunluk Sertifikas\u0131) talep edilebilir.<\/p>\n","protected":false},"excerpt":{"rendered":"<p>Geni\u015f a\u00e7\u0131kl\u0131kl\u0131 standart cam \u015fi\u015feler 6 mm \u00e7ap\u0131nda mikro insert gerektirir. Se\u00e7ti\u011finiz bir kapakla, N 11 haddelenmi\u015f a\u011f\u0131zl\u0131 \u015fi\u015feler \u00f6nceden kapat\u0131lm\u0131\u015f \u015fi\u015fe\/kapak kombinasyonu olarak da tedarik edilebilir. Her \u015fi\u015fe t\u00fcr\u00fc i\u00e7in CoC (Uygunluk Sertifikas\u0131) talep edilebilir.<\/p>\n","protected":false},"featured_media":15701,"comment_status":"open","ping_status":"closed","template":"","meta":[],"product_cat":[67,99,92],"product_tag":[],"class_list":{"0":"post-12247","1":"product","2":"type-product","3":"status-publish","4":"has-post-thumbnail","6":"product_cat-kromatografi","7":"product_cat-siseler","8":"product_cat-vial-ve-kapaklar","10":"first","11":"instock","12":"shipping-taxable","13":"product-type-simple"},"_links":{"self":[{"href":"https:\/\/develop.eam-scientific.com\/tr\/wp-json\/wp\/v2\/product\/12247","targetHints":{"allow":["GET"]}}],"collection":[{"href":"https:\/\/develop.eam-scientific.com\/tr\/wp-json\/wp\/v2\/product"}],"about":[{"href":"https:\/\/develop.eam-scientific.com\/tr\/wp-json\/wp\/v2\/types\/product"}],"replies":[{"embeddable":true,"href":"https:\/\/develop.eam-scientific.com\/tr\/wp-json\/wp\/v2\/comments?post=12247"}],"wp:featuredmedia":[{"embeddable":true,"href":"https:\/\/develop.eam-scientific.com\/tr\/wp-json\/wp\/v2\/media\/15701"}],"wp:attachment":[{"href":"https:\/\/develop.eam-scientific.com\/tr\/wp-json\/wp\/v2\/media?parent=12247"}],"wp:term":[{"taxonomy":"product_cat","embeddable":true,"href":"https:\/\/develop.eam-scientific.com\/tr\/wp-json\/wp\/v2\/product_cat?post=12247"},{"taxonomy":"product_tag","embeddable":true,"href":"https:\/\/develop.eam-scientific.com\/tr\/wp-json\/wp\/v2\/product_tag?post=12247"}],"curies":[{"name":"wp","href":"https:\/\/api.w.org\/{rel}","templated":true}]}}