{"id":12257,"date":"2024-06-20T15:03:25","date_gmt":"2024-06-20T13:03:25","guid":{"rendered":"http:\/\/develop.eam-scientific.com\/produkt\/rulo-agizli-sise-n-20-205x380-mm-50-ml-fl-zemin-duez-rr-kahverengi\/"},"modified":"2024-06-20T15:03:25","modified_gmt":"2024-06-20T13:03:25","slug":"rulo-agizli-sise-n-20-205x380-mm-50-ml-fl-zemin-duez-rr-kahverengi","status":"publish","type":"product","link":"https:\/\/develop.eam-scientific.com\/tr\/produkt\/rulo-agizli-sise-n-20-205x380-mm-50-ml-fl-zemin-duez-rr-kahverengi\/","title":{"rendered":"Rulo a\u011f\u0131zl\u0131 \u015fi\u015fe, N 20, 20,5&#215;38,0 mm, 5,0 mL, fl. Zemin, d\u00fcz RR, kahverengi"},"content":{"rendered":"<p>Bu tip \u015fi\u015feler 5 mL ve 10 mL olmak \u00fczere \u015feffaf ve amber cam olarak mevcuttur. T\u00fcm 20 mm geni\u015fletilmi\u015f kapaklar ile kapat\u0131labilir.<\/p>\n","protected":false},"excerpt":{"rendered":"<p>Bu tip \u015fi\u015feler 5 mL ve 10 mL olmak \u00fczere \u015feffaf ve amber cam olarak mevcuttur. T\u00fcm 20 mm geni\u015fletilmi\u015f kapaklar ile kapat\u0131labilir.<\/p>\n","protected":false},"featured_media":8774,"comment_status":"open","ping_status":"closed","template":"","meta":[],"product_cat":[67,99,92],"product_tag":[],"class_list":{"0":"post-12257","1":"product","2":"type-product","3":"status-publish","4":"has-post-thumbnail","6":"product_cat-kromatografi","7":"product_cat-siseler","8":"product_cat-vial-ve-kapaklar","10":"first","11":"instock","12":"shipping-taxable","13":"product-type-simple"},"_links":{"self":[{"href":"https:\/\/develop.eam-scientific.com\/tr\/wp-json\/wp\/v2\/product\/12257","targetHints":{"allow":["GET"]}}],"collection":[{"href":"https:\/\/develop.eam-scientific.com\/tr\/wp-json\/wp\/v2\/product"}],"about":[{"href":"https:\/\/develop.eam-scientific.com\/tr\/wp-json\/wp\/v2\/types\/product"}],"replies":[{"embeddable":true,"href":"https:\/\/develop.eam-scientific.com\/tr\/wp-json\/wp\/v2\/comments?post=12257"}],"wp:featuredmedia":[{"embeddable":true,"href":"https:\/\/develop.eam-scientific.com\/tr\/wp-json\/wp\/v2\/media\/8774"}],"wp:attachment":[{"href":"https:\/\/develop.eam-scientific.com\/tr\/wp-json\/wp\/v2\/media?parent=12257"}],"wp:term":[{"taxonomy":"product_cat","embeddable":true,"href":"https:\/\/develop.eam-scientific.com\/tr\/wp-json\/wp\/v2\/product_cat?post=12257"},{"taxonomy":"product_tag","embeddable":true,"href":"https:\/\/develop.eam-scientific.com\/tr\/wp-json\/wp\/v2\/product_tag?post=12257"}],"curies":[{"name":"wp","href":"https:\/\/api.w.org\/{rel}","templated":true}]}}