{"id":12273,"date":"2024-06-20T15:03:24","date_gmt":"2024-06-20T13:03:24","guid":{"rendered":"http:\/\/develop.eam-scientific.com\/produkt\/disli-sise-n-9-116x320-mm-kahverengi-w-entegre-02-ml-mikro-insert\/"},"modified":"2024-06-20T15:03:24","modified_gmt":"2024-06-20T13:03:24","slug":"disli-sise-n-9-116x320-mm-kahverengi-w-entegre-02-ml-mikro-insert","status":"publish","type":"product","link":"https:\/\/develop.eam-scientific.com\/tr\/produkt\/disli-sise-n-9-116x320-mm-kahverengi-w-entegre-02-ml-mikro-insert\/","title":{"rendered":"Di\u015fli \u015fi\u015fe, N 9, 11,6&#215;32,0 mm, kahverengi, w. entegre. 0,2 mL mikro insert"},"content":{"rendered":"<p>Entegre u\u00e7lu \u015fi\u015feler, ucun mutlak merkezlenmesini (g\u00fcvenlik) ve kullan\u0131ma haz\u0131r bir \u00fcr\u00fcn olarak kolayl\u0131k ve zaman tasarrufu sa\u011flar.<\/p>\n","protected":false},"excerpt":{"rendered":"<p>Entegre u\u00e7lu \u015fi\u015feler, ucun mutlak merkezlenmesini (g\u00fcvenlik) ve kullan\u0131ma haz\u0131r bir \u00fcr\u00fcn olarak kolayl\u0131k ve zaman tasarrufu sa\u011flar.<\/p>\n","protected":false},"featured_media":8766,"comment_status":"open","ping_status":"closed","template":"","meta":[],"product_cat":[67,99,92],"product_tag":[],"class_list":{"0":"post-12273","1":"product","2":"type-product","3":"status-publish","4":"has-post-thumbnail","6":"product_cat-kromatografi","7":"product_cat-siseler","8":"product_cat-vial-ve-kapaklar","10":"first","11":"instock","12":"shipping-taxable","13":"product-type-simple"},"_links":{"self":[{"href":"https:\/\/develop.eam-scientific.com\/tr\/wp-json\/wp\/v2\/product\/12273","targetHints":{"allow":["GET"]}}],"collection":[{"href":"https:\/\/develop.eam-scientific.com\/tr\/wp-json\/wp\/v2\/product"}],"about":[{"href":"https:\/\/develop.eam-scientific.com\/tr\/wp-json\/wp\/v2\/types\/product"}],"replies":[{"embeddable":true,"href":"https:\/\/develop.eam-scientific.com\/tr\/wp-json\/wp\/v2\/comments?post=12273"}],"wp:featuredmedia":[{"embeddable":true,"href":"https:\/\/develop.eam-scientific.com\/tr\/wp-json\/wp\/v2\/media\/8766"}],"wp:attachment":[{"href":"https:\/\/develop.eam-scientific.com\/tr\/wp-json\/wp\/v2\/media?parent=12273"}],"wp:term":[{"taxonomy":"product_cat","embeddable":true,"href":"https:\/\/develop.eam-scientific.com\/tr\/wp-json\/wp\/v2\/product_cat?post=12273"},{"taxonomy":"product_tag","embeddable":true,"href":"https:\/\/develop.eam-scientific.com\/tr\/wp-json\/wp\/v2\/product_tag?post=12273"}],"curies":[{"name":"wp","href":"https:\/\/api.w.org\/{rel}","templated":true}]}}