{"id":12276,"date":"2024-06-20T15:03:03","date_gmt":"2024-06-20T13:03:03","guid":{"rendered":"http:\/\/develop.eam-scientific.com\/produkt\/disli-sise-n-9-11-6x32-0-mm-1-5-ml-etiketli-fl-baz-kahverengi-silanlanmis\/"},"modified":"2024-06-20T15:03:03","modified_gmt":"2024-06-20T13:03:03","slug":"disli-sise-n-9-11-6x32-0-mm-1-5-ml-etiketli-fl-baz-kahverengi-silanlanmis","status":"publish","type":"product","link":"https:\/\/develop.eam-scientific.com\/tr\/produkt\/disli-sise-n-9-11-6x32-0-mm-1-5-ml-etiketli-fl-baz-kahverengi-silanlanmis\/","title":{"rendered":"Di\u015fli \u015fi\u015fe, N 9, 11.6&#215;32.0 mm, 1.5 mL, etiketli, fl. baz, kahverengi, silanlanm\u0131\u015f"},"content":{"rendered":"<p>Silanize \u015fi\u015feler, polar bile\u015fiklerin normalde polar olan cam y\u00fczeyine adsorpsiyonunu azaltmak i\u00e7in kullan\u0131l\u0131r.<\/p>\n","protected":false},"excerpt":{"rendered":"<p>Silanize \u015fi\u015feler, polar bile\u015fiklerin normalde polar olan cam y\u00fczeyine adsorpsiyonunu azaltmak i\u00e7in kullan\u0131l\u0131r.<\/p>\n","protected":false},"featured_media":8760,"comment_status":"open","ping_status":"closed","template":"","meta":[],"product_cat":[67,99,92],"product_tag":[],"class_list":{"0":"post-12276","1":"product","2":"type-product","3":"status-publish","4":"has-post-thumbnail","6":"product_cat-kromatografi","7":"product_cat-siseler","8":"product_cat-vial-ve-kapaklar","10":"first","11":"instock","12":"shipping-taxable","13":"product-type-simple"},"_links":{"self":[{"href":"https:\/\/develop.eam-scientific.com\/tr\/wp-json\/wp\/v2\/product\/12276","targetHints":{"allow":["GET"]}}],"collection":[{"href":"https:\/\/develop.eam-scientific.com\/tr\/wp-json\/wp\/v2\/product"}],"about":[{"href":"https:\/\/develop.eam-scientific.com\/tr\/wp-json\/wp\/v2\/types\/product"}],"replies":[{"embeddable":true,"href":"https:\/\/develop.eam-scientific.com\/tr\/wp-json\/wp\/v2\/comments?post=12276"}],"wp:featuredmedia":[{"embeddable":true,"href":"https:\/\/develop.eam-scientific.com\/tr\/wp-json\/wp\/v2\/media\/8760"}],"wp:attachment":[{"href":"https:\/\/develop.eam-scientific.com\/tr\/wp-json\/wp\/v2\/media?parent=12276"}],"wp:term":[{"taxonomy":"product_cat","embeddable":true,"href":"https:\/\/develop.eam-scientific.com\/tr\/wp-json\/wp\/v2\/product_cat?post=12276"},{"taxonomy":"product_tag","embeddable":true,"href":"https:\/\/develop.eam-scientific.com\/tr\/wp-json\/wp\/v2\/product_tag?post=12276"}],"curies":[{"name":"wp","href":"https:\/\/api.w.org\/{rel}","templated":true}]}}