{"id":12277,"date":"2024-06-20T15:03:03","date_gmt":"2024-06-20T13:03:03","guid":{"rendered":"http:\/\/develop.eam-scientific.com\/produkt\/disli-sise-n-24-27-5x1400-mm-600-ml-duez-taban-seffaf\/"},"modified":"2024-06-20T15:03:03","modified_gmt":"2024-06-20T13:03:03","slug":"disli-sise-n-24-27-5x1400-mm-600-ml-duez-taban-seffaf","status":"publish","type":"product","link":"https:\/\/develop.eam-scientific.com\/tr\/produkt\/disli-sise-n-24-27-5x1400-mm-600-ml-duez-taban-seffaf\/","title":{"rendered":"Di\u015fli \u015fi\u015fe, N 24, 27, 5&#215;140,0 mm, 60,0 mL, d\u00fcz taban, \u015feffaf"},"content":{"rendered":"<p>VOC \/ TOC analizleri i\u00e7in N 24 (EPA) di\u015fli \u015fi\u015feler. Numune saklama i\u00e7in kapal\u0131 vidal\u0131 kapaklar ile. En yayg\u0131n kullan\u0131lan &#8211; 40 mL \u015feffaf cam. Her \u015fi\u015fe t\u00fcr\u00fc i\u00e7in CoC (Uygunluk Sertifikas\u0131) talep edilebilir.<\/p>\n","protected":false},"excerpt":{"rendered":"<p>VOC \/ TOC analizleri i\u00e7in N 24 (EPA) di\u015fli \u015fi\u015feler. Numune saklama i\u00e7in kapal\u0131 vidal\u0131 kapaklar ile. En yayg\u0131n kullan\u0131lan &#8211; 40 mL \u015feffaf cam. Her \u015fi\u015fe t\u00fcr\u00fc i\u00e7in CoC (Uygunluk Sertifikas\u0131) talep edilebilir.<\/p>\n","protected":false},"featured_media":8754,"comment_status":"open","ping_status":"closed","template":"","meta":[],"product_cat":[67,99,92],"product_tag":[],"class_list":{"0":"post-12277","1":"product","2":"type-product","3":"status-publish","4":"has-post-thumbnail","6":"product_cat-kromatografi","7":"product_cat-siseler","8":"product_cat-vial-ve-kapaklar","10":"first","11":"instock","12":"shipping-taxable","13":"product-type-simple"},"_links":{"self":[{"href":"https:\/\/develop.eam-scientific.com\/tr\/wp-json\/wp\/v2\/product\/12277","targetHints":{"allow":["GET"]}}],"collection":[{"href":"https:\/\/develop.eam-scientific.com\/tr\/wp-json\/wp\/v2\/product"}],"about":[{"href":"https:\/\/develop.eam-scientific.com\/tr\/wp-json\/wp\/v2\/types\/product"}],"replies":[{"embeddable":true,"href":"https:\/\/develop.eam-scientific.com\/tr\/wp-json\/wp\/v2\/comments?post=12277"}],"wp:featuredmedia":[{"embeddable":true,"href":"https:\/\/develop.eam-scientific.com\/tr\/wp-json\/wp\/v2\/media\/8754"}],"wp:attachment":[{"href":"https:\/\/develop.eam-scientific.com\/tr\/wp-json\/wp\/v2\/media?parent=12277"}],"wp:term":[{"taxonomy":"product_cat","embeddable":true,"href":"https:\/\/develop.eam-scientific.com\/tr\/wp-json\/wp\/v2\/product_cat?post=12277"},{"taxonomy":"product_tag","embeddable":true,"href":"https:\/\/develop.eam-scientific.com\/tr\/wp-json\/wp\/v2\/product_tag?post=12277"}],"curies":[{"name":"wp","href":"https:\/\/api.w.org\/{rel}","templated":true}]}}