{"id":12280,"date":"2024-06-20T15:03:03","date_gmt":"2024-06-20T13:03:03","guid":{"rendered":"http:\/\/develop.eam-scientific.com\/produkt\/yuvarlatilmis-agizli-sise-n-20-22-0x75-0-mm-20-0-ml-yuvarlatilmis-taban-egimli-rr-temiz\/"},"modified":"2024-06-20T15:03:03","modified_gmt":"2024-06-20T13:03:03","slug":"yuvarlatilmis-agizli-sise-n-20-22-0x75-0-mm-20-0-ml-yuvarlatilmis-taban-egimli-rr-temiz","status":"publish","type":"product","link":"https:\/\/develop.eam-scientific.com\/tr\/produkt\/yuvarlatilmis-agizli-sise-n-20-22-0x75-0-mm-20-0-ml-yuvarlatilmis-taban-egimli-rr-temiz\/","title":{"rendered":"Yuvarlat\u0131lm\u0131\u015f a\u011f\u0131zl\u0131 \u015fi\u015fe, N 20, 22.0&#215;75.0 mm, 20.0 mL, yuvarlat\u0131lm\u0131\u015f taban, e\u011fimli. RR, temiz"},"content":{"rendered":"<p>\u015ei\u015fe termobloklarda kullan\u0131labilir. Yuvarlak taban y\u00fcksek bas\u0131n\u00e7 direnci sunar.<\/p>\n","protected":false},"excerpt":{"rendered":"<p>\u015ei\u015fe termobloklarda kullan\u0131labilir. Yuvarlak taban y\u00fcksek bas\u0131n\u00e7 direnci sunar.<\/p>\n","protected":false},"featured_media":8758,"comment_status":"open","ping_status":"closed","template":"","meta":[],"product_cat":[67,99,92],"product_tag":[],"class_list":{"0":"post-12280","1":"product","2":"type-product","3":"status-publish","4":"has-post-thumbnail","6":"product_cat-kromatografi","7":"product_cat-siseler","8":"product_cat-vial-ve-kapaklar","10":"first","11":"instock","12":"shipping-taxable","13":"product-type-simple"},"_links":{"self":[{"href":"https:\/\/develop.eam-scientific.com\/tr\/wp-json\/wp\/v2\/product\/12280","targetHints":{"allow":["GET"]}}],"collection":[{"href":"https:\/\/develop.eam-scientific.com\/tr\/wp-json\/wp\/v2\/product"}],"about":[{"href":"https:\/\/develop.eam-scientific.com\/tr\/wp-json\/wp\/v2\/types\/product"}],"replies":[{"embeddable":true,"href":"https:\/\/develop.eam-scientific.com\/tr\/wp-json\/wp\/v2\/comments?post=12280"}],"wp:featuredmedia":[{"embeddable":true,"href":"https:\/\/develop.eam-scientific.com\/tr\/wp-json\/wp\/v2\/media\/8758"}],"wp:attachment":[{"href":"https:\/\/develop.eam-scientific.com\/tr\/wp-json\/wp\/v2\/media?parent=12280"}],"wp:term":[{"taxonomy":"product_cat","embeddable":true,"href":"https:\/\/develop.eam-scientific.com\/tr\/wp-json\/wp\/v2\/product_cat?post=12280"},{"taxonomy":"product_tag","embeddable":true,"href":"https:\/\/develop.eam-scientific.com\/tr\/wp-json\/wp\/v2\/product_tag?post=12280"}],"curies":[{"name":"wp","href":"https:\/\/api.w.org\/{rel}","templated":true}]}}