{"id":12288,"date":"2024-06-20T15:02:42","date_gmt":"2024-06-20T13:02:42","guid":{"rendered":"http:\/\/develop.eam-scientific.com\/produkt\/rulo-agizli-sise-n-20-516x945-mm-1000-ml-fl-alt-duez-rr-temiz-3-kl\/"},"modified":"2024-06-20T15:02:42","modified_gmt":"2024-06-20T13:02:42","slug":"rulo-agizli-sise-n-20-516x945-mm-1000-ml-fl-alt-duez-rr-temiz-3-kl","status":"publish","type":"product","link":"https:\/\/develop.eam-scientific.com\/tr\/produkt\/rulo-agizli-sise-n-20-516x945-mm-1000-ml-fl-alt-duez-rr-temiz-3-kl\/","title":{"rendered":"Rulo a\u011f\u0131zl\u0131 \u015fi\u015fe, N 20, 51,6&#215;94,5 mm, 100,0 mL, fl. Alt, d\u00fcz RR, temiz, 3. kl."},"content":{"rendered":"<p>\u00c7ok b\u00fcy\u00fck numune hacimleri i\u00e7in 3. hidrolitik s\u0131n\u0131f camdan yap\u0131lm\u0131\u015f c\u00fcruf cam \u015fi\u015fe.<\/p>\n","protected":false},"excerpt":{"rendered":"<p>\u00c7ok b\u00fcy\u00fck numune hacimleri i\u00e7in 3. hidrolitik s\u0131n\u0131f camdan yap\u0131lm\u0131\u015f c\u00fcruf cam \u015fi\u015fe.<\/p>\n","protected":false},"featured_media":8744,"comment_status":"open","ping_status":"closed","template":"","meta":[],"product_cat":[67,99,92],"product_tag":[],"class_list":{"0":"post-12288","1":"product","2":"type-product","3":"status-publish","4":"has-post-thumbnail","6":"product_cat-kromatografi","7":"product_cat-siseler","8":"product_cat-vial-ve-kapaklar","10":"first","11":"instock","12":"shipping-taxable","13":"product-type-simple"},"_links":{"self":[{"href":"https:\/\/develop.eam-scientific.com\/tr\/wp-json\/wp\/v2\/product\/12288","targetHints":{"allow":["GET"]}}],"collection":[{"href":"https:\/\/develop.eam-scientific.com\/tr\/wp-json\/wp\/v2\/product"}],"about":[{"href":"https:\/\/develop.eam-scientific.com\/tr\/wp-json\/wp\/v2\/types\/product"}],"replies":[{"embeddable":true,"href":"https:\/\/develop.eam-scientific.com\/tr\/wp-json\/wp\/v2\/comments?post=12288"}],"wp:featuredmedia":[{"embeddable":true,"href":"https:\/\/develop.eam-scientific.com\/tr\/wp-json\/wp\/v2\/media\/8744"}],"wp:attachment":[{"href":"https:\/\/develop.eam-scientific.com\/tr\/wp-json\/wp\/v2\/media?parent=12288"}],"wp:term":[{"taxonomy":"product_cat","embeddable":true,"href":"https:\/\/develop.eam-scientific.com\/tr\/wp-json\/wp\/v2\/product_cat?post=12288"},{"taxonomy":"product_tag","embeddable":true,"href":"https:\/\/develop.eam-scientific.com\/tr\/wp-json\/wp\/v2\/product_tag?post=12288"}],"curies":[{"name":"wp","href":"https:\/\/api.w.org\/{rel}","templated":true}]}}