{"id":12298,"date":"2024-06-20T15:02:42","date_gmt":"2024-06-20T13:02:42","guid":{"rendered":"http:\/\/develop.eam-scientific.com\/produkt\/disli-sise-n-18-225x755-mm-200-ml-yuvarlak-tabanli-kahverengi\/"},"modified":"2024-06-28T10:14:18","modified_gmt":"2024-06-28T08:14:18","slug":"disli-sise-n-18-225x755-mm-200-ml-yuvarlak-tabanli-kahverengi","status":"publish","type":"product","link":"https:\/\/develop.eam-scientific.com\/tr\/produkt\/disli-sise-n-18-225x755-mm-200-ml-yuvarlak-tabanli-kahverengi\/","title":{"rendered":"Di\u015fli \u015fi\u015fe, N 18, 22,5&#215;75,5 mm, 20,0 mL, yaz\u0131 alan\u0131, yuvarlat\u0131lm\u0131\u015f taban, \u015feffaf"},"content":{"rendered":"<p>&nbsp;Tepe bo\u015flu\u011fu di\u015fli \u015fi\u015feler N 18. S\u0131kma i\u015flemine k\u0131yasla daha rahat, daha standart ve daha g\u00fcvenli kapatma i\u015flemi (daha iyi tekrarlanabilirlik). &nbsp;&nbsp;Yanl\u0131\u015f veya tutars\u0131z flan\u015flama sonu\u00e7lar\u0131 riski yoktur. Daha ince septa sayesinde hem SPME hem de headspace i\u00e7in uygundur. CTC Combi PAL ve benzer otomatik \u00f6rnekleyicilerin yan\u0131 s\u0131ra PerkinElmer cihazlar\u0131nda da s\u0131kl\u0131kla kullan\u0131l\u0131r. Bu N 18 di\u015fli \u015fi\u015fenin 702115 PP vidal\u0131 kapakla veya 18-400 di\u015fli di\u011fer PP vidal\u0131 kapaklarla birlikte kullan\u0131lamayaca\u011f\u0131n\u0131 l\u00fctfen unutmay\u0131n.<\/p>\n","protected":false},"excerpt":{"rendered":"<p>&nbsp;Tepe bo\u015flu\u011fu di\u015fli \u015fi\u015feler N 18. S\u0131kma i\u015flemine k\u0131yasla daha rahat, daha standart ve daha g\u00fcvenli kapatma i\u015flemi (daha iyi tekrarlanabilirlik). &nbsp;&nbsp;Yanl\u0131\u015f veya tutars\u0131z flan\u015flama sonu\u00e7lar\u0131 riski yoktur. Daha ince septa sayesinde hem SPME hem de headspace i\u00e7in uygundur. CTC Combi PAL ve benzer otomatik \u00f6rnekleyicilerin yan\u0131 s\u0131ra PerkinElmer cihazlar\u0131nda da s\u0131kl\u0131kla kullan\u0131l\u0131r. Bu N [&hellip;]<\/p>\n","protected":false},"featured_media":15710,"comment_status":"open","ping_status":"closed","template":"","meta":[],"product_cat":[67,99,92],"product_tag":[],"class_list":{"0":"post-12298","1":"product","2":"type-product","3":"status-publish","4":"has-post-thumbnail","6":"product_cat-kromatografi","7":"product_cat-siseler","8":"product_cat-vial-ve-kapaklar","10":"first","11":"instock","12":"shipping-taxable","13":"product-type-simple"},"_links":{"self":[{"href":"https:\/\/develop.eam-scientific.com\/tr\/wp-json\/wp\/v2\/product\/12298","targetHints":{"allow":["GET"]}}],"collection":[{"href":"https:\/\/develop.eam-scientific.com\/tr\/wp-json\/wp\/v2\/product"}],"about":[{"href":"https:\/\/develop.eam-scientific.com\/tr\/wp-json\/wp\/v2\/types\/product"}],"replies":[{"embeddable":true,"href":"https:\/\/develop.eam-scientific.com\/tr\/wp-json\/wp\/v2\/comments?post=12298"}],"wp:featuredmedia":[{"embeddable":true,"href":"https:\/\/develop.eam-scientific.com\/tr\/wp-json\/wp\/v2\/media\/15710"}],"wp:attachment":[{"href":"https:\/\/develop.eam-scientific.com\/tr\/wp-json\/wp\/v2\/media?parent=12298"}],"wp:term":[{"taxonomy":"product_cat","embeddable":true,"href":"https:\/\/develop.eam-scientific.com\/tr\/wp-json\/wp\/v2\/product_cat?post=12298"},{"taxonomy":"product_tag","embeddable":true,"href":"https:\/\/develop.eam-scientific.com\/tr\/wp-json\/wp\/v2\/product_tag?post=12298"}],"curies":[{"name":"wp","href":"https:\/\/api.w.org\/{rel}","templated":true}]}}