{"id":12302,"date":"2024-06-20T15:02:42","date_gmt":"2024-06-20T13:02:42","guid":{"rendered":"http:\/\/develop.eam-scientific.com\/produkt\/yuvarlatilmis-agizli-sise-n-20-22-0x38-25-mm-6-0-ml-yuvarlatilmis-taban-egimli-rr-temiz\/"},"modified":"2024-06-20T15:02:42","modified_gmt":"2024-06-20T13:02:42","slug":"yuvarlatilmis-agizli-sise-n-20-22-0x38-25-mm-6-0-ml-yuvarlatilmis-taban-egimli-rr-temiz","status":"publish","type":"product","link":"https:\/\/develop.eam-scientific.com\/tr\/produkt\/yuvarlatilmis-agizli-sise-n-20-22-0x38-25-mm-6-0-ml-yuvarlatilmis-taban-egimli-rr-temiz\/","title":{"rendered":"Yuvarlat\u0131lm\u0131\u015f a\u011f\u0131zl\u0131 \u015fi\u015fe, N 20, 22.0&#215;38.25 mm, 6.0 mL, yuvarlat\u0131lm\u0131\u015f taban, e\u011fimli. RR, temiz"},"content":{"rendered":"<p>PerkinElmer otomatik numune alma cihazlar\u0131nda kullan\u0131lmak \u00fczere daha k\u00fc\u00e7\u00fck numuneler i\u00e7in yuvarlat\u0131lm\u0131\u015f tabanl\u0131 ve e\u011fimli yuvarlat\u0131lm\u0131\u015f a\u011f\u0131zl\u0131 headspace \u015fi\u015fesi.<\/p>\n","protected":false},"excerpt":{"rendered":"<p>PerkinElmer otomatik numune alma cihazlar\u0131nda kullan\u0131lmak \u00fczere daha k\u00fc\u00e7\u00fck numuneler i\u00e7in yuvarlat\u0131lm\u0131\u015f tabanl\u0131 ve e\u011fimli yuvarlat\u0131lm\u0131\u015f a\u011f\u0131zl\u0131 headspace \u015fi\u015fesi.<\/p>\n","protected":false},"featured_media":8732,"comment_status":"open","ping_status":"closed","template":"","meta":[],"product_cat":[67,99,92],"product_tag":[],"class_list":{"0":"post-12302","1":"product","2":"type-product","3":"status-publish","4":"has-post-thumbnail","6":"product_cat-kromatografi","7":"product_cat-siseler","8":"product_cat-vial-ve-kapaklar","10":"first","11":"instock","12":"shipping-taxable","13":"product-type-simple"},"_links":{"self":[{"href":"https:\/\/develop.eam-scientific.com\/tr\/wp-json\/wp\/v2\/product\/12302","targetHints":{"allow":["GET"]}}],"collection":[{"href":"https:\/\/develop.eam-scientific.com\/tr\/wp-json\/wp\/v2\/product"}],"about":[{"href":"https:\/\/develop.eam-scientific.com\/tr\/wp-json\/wp\/v2\/types\/product"}],"replies":[{"embeddable":true,"href":"https:\/\/develop.eam-scientific.com\/tr\/wp-json\/wp\/v2\/comments?post=12302"}],"wp:featuredmedia":[{"embeddable":true,"href":"https:\/\/develop.eam-scientific.com\/tr\/wp-json\/wp\/v2\/media\/8732"}],"wp:attachment":[{"href":"https:\/\/develop.eam-scientific.com\/tr\/wp-json\/wp\/v2\/media?parent=12302"}],"wp:term":[{"taxonomy":"product_cat","embeddable":true,"href":"https:\/\/develop.eam-scientific.com\/tr\/wp-json\/wp\/v2\/product_cat?post=12302"},{"taxonomy":"product_tag","embeddable":true,"href":"https:\/\/develop.eam-scientific.com\/tr\/wp-json\/wp\/v2\/product_tag?post=12302"}],"curies":[{"name":"wp","href":"https:\/\/api.w.org\/{rel}","templated":true}]}}