{"id":12309,"date":"2024-06-20T15:02:20","date_gmt":"2024-06-20T13:02:20","guid":{"rendered":"http:\/\/develop.eam-scientific.com\/produkt\/citcitli-sise-n-22-260x650-mm-250-ml-duez-tabanli-seffaf-3-cl\/"},"modified":"2024-06-20T15:02:20","modified_gmt":"2024-06-20T13:02:20","slug":"citcitli-sise-n-22-260x650-mm-250-ml-duez-tabanli-seffaf-3-cl","status":"publish","type":"product","link":"https:\/\/develop.eam-scientific.com\/tr\/produkt\/citcitli-sise-n-22-260x650-mm-250-ml-duez-tabanli-seffaf-3-cl\/","title":{"rendered":"\u00c7\u0131t\u00e7\u0131tl\u0131 \u015fi\u015fe, N 22, 26,0&#215;65,0 mm, 25,0 mL, d\u00fcz tabanl\u0131, \u015feffaf, 3 cl."},"content":{"rendered":"<p>Toz maddelerin depolanmas\u0131 i\u00e7in ge\u00e7meli kapakl\u0131 \u015fi\u015feler N 22. &nbsp;Faydal\u0131 hacim 15 mL. 3. hidrolitik s\u0131n\u0131f cam, kat\u0131 numunelerin depolanmas\u0131 genellikle kritik de\u011fildir. Her iki jant \u00e7ap\u0131 i\u00e7in ge\u00e7meli kapak mevcuttur.<\/p>\n","protected":false},"excerpt":{"rendered":"<p>Toz maddelerin depolanmas\u0131 i\u00e7in ge\u00e7meli kapakl\u0131 \u015fi\u015feler N 22. &nbsp;Faydal\u0131 hacim 15 mL. 3. hidrolitik s\u0131n\u0131f cam, kat\u0131 numunelerin depolanmas\u0131 genellikle kritik de\u011fildir. Her iki jant \u00e7ap\u0131 i\u00e7in ge\u00e7meli kapak mevcuttur.<\/p>\n","protected":false},"featured_media":8728,"comment_status":"open","ping_status":"closed","template":"","meta":[],"product_cat":[67,99,92],"product_tag":[],"class_list":{"0":"post-12309","1":"product","2":"type-product","3":"status-publish","4":"has-post-thumbnail","6":"product_cat-kromatografi","7":"product_cat-siseler","8":"product_cat-vial-ve-kapaklar","10":"first","11":"instock","12":"shipping-taxable","13":"product-type-simple"},"_links":{"self":[{"href":"https:\/\/develop.eam-scientific.com\/tr\/wp-json\/wp\/v2\/product\/12309","targetHints":{"allow":["GET"]}}],"collection":[{"href":"https:\/\/develop.eam-scientific.com\/tr\/wp-json\/wp\/v2\/product"}],"about":[{"href":"https:\/\/develop.eam-scientific.com\/tr\/wp-json\/wp\/v2\/types\/product"}],"replies":[{"embeddable":true,"href":"https:\/\/develop.eam-scientific.com\/tr\/wp-json\/wp\/v2\/comments?post=12309"}],"wp:featuredmedia":[{"embeddable":true,"href":"https:\/\/develop.eam-scientific.com\/tr\/wp-json\/wp\/v2\/media\/8728"}],"wp:attachment":[{"href":"https:\/\/develop.eam-scientific.com\/tr\/wp-json\/wp\/v2\/media?parent=12309"}],"wp:term":[{"taxonomy":"product_cat","embeddable":true,"href":"https:\/\/develop.eam-scientific.com\/tr\/wp-json\/wp\/v2\/product_cat?post=12309"},{"taxonomy":"product_tag","embeddable":true,"href":"https:\/\/develop.eam-scientific.com\/tr\/wp-json\/wp\/v2\/product_tag?post=12309"}],"curies":[{"name":"wp","href":"https:\/\/api.w.org\/{rel}","templated":true}]}}